{"id":605,"date":"2025-01-10T19:31:08","date_gmt":"2025-01-10T11:31:08","guid":{"rendered":"https:\/\/dzideaseed.com\/?post_type=product&#038;p=605"},"modified":"2025-04-10T07:47:18","modified_gmt":"2025-04-09T23:47:18","slug":"two-way-sliding-ladder-pilates-bed-nh-pm014","status":"publish","type":"product","link":"https:\/\/dzideaseed.com\/fr\/produit\/two-way-sliding-ladder-pilates-bed-nh-pm014\/","title":{"rendered":"Lit Pilates \u00e0 \u00e9chelle coulissante \u00e0 deux voies NH-PM014"},"content":{"rendered":"<table>\n<tbody>\n<tr>\n<td width=\"160\"><strong>Pr\u00e9sentation du produit<\/strong><\/td>\n<td width=\"484\">Ce lit Pilates \u00e0 \u00e9chelle coulissante dans les deux sens (NH-PM014) est un \u00e9quipement de fitness tr\u00e8s appropri\u00e9 pour les amateurs d'exercices Pilates, et il combine un chariot et une \u00e9chelle. Il int\u00e8gre les fonctions des deux, ce qui permet aux utilisateurs de r\u00e9aliser un exercice plus complet. Idea Seed Pilates equipment a l'\u00e9quipement qu'il vous faut.<\/td>\n<\/tr>\n<tr>\n<td width=\"160\"><strong>Param\u00e8tres du produit<\/strong><\/td>\n<td width=\"484\">Num\u00e9ro de mod\u00e8le : NH-PM014<br \/>\nNom du produit : Lit Pilates \u00e0 \u00e9chelle coulissante \u00e0 deux voies<br \/>\nLieu d'origine : Chine<br \/>\nNom de marque:Idea Seed<br \/>\nMat\u00e9riau : bois Dimensions : 2220*730*750mm<br \/>\nTaille de l'emballage : 2330*700*330mm<br \/>\nEmballage : Emballage en bois<br \/>\nPoids : 150 kg<br \/>\nCouleur du cuir : personnalisable<br \/>\nMOQ:1<br \/>\nDur\u00e9e de la garantie : trois ans<br \/>\nCertificat:CE,ISO<br \/>\nCode HS : 9506911900<br \/>\nPersonnalisation:Support<\/td>\n<\/tr>\n<tr>\n<td width=\"160\"><strong>Avantages et caract\u00e9ristiques du produit<\/strong><\/td>\n<td width=\"484\">\u25cfBeau cadre en bois durable. Le cadre a \u00e9t\u00e9 finement poli et pr\u00e9sente une surface lisse.<br \/>\n\u25cfHaute densit\u00e9, pas d'\u00e9pissage, plus solide, plus durable.<br \/>\n\u25cfSimple, l\u00e9ger et \u00e9l\u00e9gant.<br \/>\n\u25cfCombiner le double mouvement du chariot et de l'\u00e9chelle.<\/td>\n<\/tr>\n<tr>\n<td width=\"160\"><strong>Comprend<\/strong><\/td>\n<td width=\"484\">\u25cf\u00c9chelle ferme+cadre inf\u00e9rieur de base.<br \/>\n\u25cf Une paire de poign\u00e9es et de sangles.<br \/>\n\u25cfDes coussinets pour les pieds.<br \/>\n\u25cfDeux voies et deux chariots (syst\u00e8me int\u00e9gral avec 6 ensembles de tubes de r\u00e9sistance).<br \/>\n\u25cfDeux bouchons de chariot.<br \/>\n\u25cfOutil d'assemblage simple.<\/td>\n<\/tr>\n<tr>\n<td width=\"160\"><strong>Service apr\u00e8s-vente<\/strong><\/td>\n<td width=\"484\">1. Nous garantissons la structure de la machine pendant 10 ans. Pour les autres pi\u00e8ces, la garantie est de 3 ans.<br \/>\n2. Apr\u00e8s avoir obtenu la machine, il y a une vid\u00e9o d'installation et des instructions d'installation.<br \/>\n3. Tant que la terre tournera, notre service sera en ligne en permanence.<\/td>\n<\/tr>\n<tr>\n<td width=\"160\"><strong>FAQ<\/strong><\/td>\n<td width=\"484\">Q1 : Quelle est la date de livraison ?<br \/>\nA1 : Le d\u00e9lai est de 3 \u00e0 5 jours ouvrables apr\u00e8s le paiement.<\/p>\n<p>Q2 : Quelle est la quantit\u00e9 minimale de commande ?<br \/>\nA2 : Un seul jeu de soutien.<\/p>\n<p>Q3 : Quelles sont les conditions commerciales que vous soutenez ?<br \/>\nA3 : FOB, CIF et DDP sont accept\u00e9s.<\/p>\n<p>Q4 : Quels modes de paiement acceptez-vous ?<br \/>\nA4 : TT, LC, carte de cr\u00e9dit et Paypal sont accept\u00e9s.<\/p>\n<p>Q5 : Avez-vous des instructions d'installation ?<br \/>\nA5 : Oui. Nous disposons d'instructions d'installation qui peuvent vous aider \u00e0 assembler l'\u00e9quipement. Si vous avez encore des probl\u00e8mes avec l'installation, nous pouvons prendre des vid\u00e9os pour vous.<\/td>\n<\/tr>\n<\/tbody>\n<\/table>","protected":false},"excerpt":{"rendered":"<p>Product Introduction This Two-Way Sliding Ladder Pilates Bed (NH-PM014) is a very suitable fitness equipment for lovers of Pilates exercise, [&hellip;]<\/p>\n","protected":false},"featured_media":606,"comment_status":"open","ping_status":"closed","template":"","meta":{"site-sidebar-layout":"default","site-content-layout":"","ast-site-content-layout":"default","site-content-style":"default","site-sidebar-style":"default","ast-global-header-display":"","ast-banner-title-visibility":"","ast-main-header-display":"","ast-hfb-above-header-display":"","ast-hfb-below-header-display":"","ast-hfb-mobile-header-display":"","site-post-title":"","ast-breadcrumbs-content":"","ast-featured-img":"","footer-sml-layout":"","ast-disable-related-posts":"","theme-transparent-header-meta":"default","adv-header-id-meta":"","stick-header-meta":"","header-above-stick-meta":"","header-main-stick-meta":"","header-below-stick-meta":"","astra-migrate-meta-layouts":"set","ast-page-background-enabled":"default","ast-page-background-meta":{"desktop":{"background-color":"var(--ast-global-color-5)","background-image":"","background-repeat":"repeat","background-position":"center center","background-size":"auto","background-attachment":"scroll","background-type":"","background-media":"","overlay-type":"","overlay-color":"","overlay-opacity":"","overlay-gradient":""},"tablet":{"background-color":"","background-image":"","background-repeat":"repeat","background-position":"center center","background-size":"auto","background-attachment":"scroll","background-type":"","background-media":"","overlay-type":"","overlay-color":"","overlay-opacity":"","overlay-gradient":""},"mobile":{"background-color":"","background-image":"","background-repeat":"repeat","background-position":"center center","background-size":"auto","background-attachment":"scroll","background-type":"","background-media":"","overlay-type":"","overlay-color":"","overlay-opacity":"","overlay-gradient":""}},"ast-content-background-meta":{"desktop":{"background-color":"var(--ast-global-color-4)","background-image":"","background-repeat":"repeat","background-position":"center center","background-size":"auto","background-attachment":"scroll","background-type":"","background-media":"","overlay-type":"","overlay-color":"","overlay-opacity":"","overlay-gradient":""},"tablet":{"background-color":"var(--ast-global-color-4)","background-image":"","background-repeat":"repeat","background-position":"center center","background-size":"auto","background-attachment":"scroll","background-type":"","background-media":"","overlay-type":"","overlay-color":"","overlay-opacity":"","overlay-gradient":""},"mobile":{"background-color":"var(--ast-global-color-4)","background-image":"","background-repeat":"repeat","background-position":"center center","background-size":"auto","background-attachment":"scroll","background-type":"","background-media":"","overlay-type":"","overlay-color":"","overlay-opacity":"","overlay-gradient":""}}},"product_brand":[],"product_cat":[34],"product_tag":[],"class_list":{"0":"post-605","1":"product","2":"type-product","3":"status-publish","4":"has-post-thumbnail","6":"product_cat-two-way-sliding-ladder-pilates-bed","7":"desktop-align-left","8":"tablet-align-left","9":"mobile-align-left","11":"first","12":"instock","13":"shipping-taxable","14":"product-type-simple"},"_links":{"self":[{"href":"https:\/\/dzideaseed.com\/fr\/wp-json\/wp\/v2\/product\/605","targetHints":{"allow":["GET"]}}],"collection":[{"href":"https:\/\/dzideaseed.com\/fr\/wp-json\/wp\/v2\/product"}],"about":[{"href":"https:\/\/dzideaseed.com\/fr\/wp-json\/wp\/v2\/types\/product"}],"replies":[{"embeddable":true,"href":"https:\/\/dzideaseed.com\/fr\/wp-json\/wp\/v2\/comments?post=605"}],"wp:featuredmedia":[{"embeddable":true,"href":"https:\/\/dzideaseed.com\/fr\/wp-json\/wp\/v2\/media\/606"}],"wp:attachment":[{"href":"https:\/\/dzideaseed.com\/fr\/wp-json\/wp\/v2\/media?parent=605"}],"wp:term":[{"taxonomy":"product_brand","embeddable":true,"href":"https:\/\/dzideaseed.com\/fr\/wp-json\/wp\/v2\/product_brand?post=605"},{"taxonomy":"product_cat","embeddable":true,"href":"https:\/\/dzideaseed.com\/fr\/wp-json\/wp\/v2\/product_cat?post=605"},{"taxonomy":"product_tag","embeddable":true,"href":"https:\/\/dzideaseed.com\/fr\/wp-json\/wp\/v2\/product_tag?post=605"}],"curies":[{"name":"wp","href":"https:\/\/api.w.org\/{rel}","templated":true}]}}