{"id":537,"date":"2025-01-10T16:19:12","date_gmt":"2025-01-10T08:19:12","guid":{"rendered":"https:\/\/dzideaseed.com\/?post_type=product&#038;p=537"},"modified":"2025-04-10T07:52:32","modified_gmt":"2025-04-09T23:52:32","slug":"aluminum-pilates-reformer-with-full-tower-nh-pm010","status":"publish","type":"product","link":"https:\/\/dzideaseed.com\/fr\/produit\/aluminum-pilates-reformer-with-full-tower-nh-pm010\/","title":{"rendered":"R\u00e9formeur Pilates en aluminium avec tour compl\u00e8te NH-PM010"},"content":{"rendered":"<table>\n<tbody>\n<tr>\n<td width=\"160\"><strong>Pr\u00e9sentation du produit<\/strong><\/td>\n<td width=\"484\">Ce reformateur Pilates en aluminium avec tour compl\u00e8te (NH-PM010) utilise la structure du reformateur de base et du trap\u00e8ze complet. La combinaison de l'acier inoxydable, de l'aluminium et du bois donne \u00e0 l'\u00e9quipement un aspect et une sensation modernes uniques. Il s'agit de l'un des \u00e9quipements sp\u00e9cialis\u00e9s les plus utilis\u00e9s pour l'entra\u00eenement Pilates en studio et \u00e0 domicile. La tour compl\u00e8te avec la conception de la piste compl\u00e8te est l'un des avantages les plus remarquables de cet \u00e9quipement. Idea Seed Pilates equipment a le reformer Pilates qu'il vous faut.<\/td>\n<\/tr>\n<tr>\n<td width=\"160\"><strong>Param\u00e8tres du produit<\/strong><\/td>\n<td width=\"484\">Num\u00e9ro de mod\u00e8le : NH-PM010<br \/>\nNom du produit : R\u00e9formateur Pilates avec tour compl\u00e8te<br \/>\nLieu d'origine : Chine<br \/>\nNom de marque:Idea Seed<br \/>\nMat\u00e9riau : Aluminium<br \/>\nTaille : 2470*840*620mm<br \/>\nTaille de l'emballage : 2460*840*680mm<br \/>\nEmballage : Emballage en bois<br \/>\nPoids : 165 kg<br \/>\nCouleur du cuir : personnalisable<br \/>\nMOQ:1<br \/>\nDur\u00e9e de la garantie : trois ans<br \/>\nD\u00e9lai de production : 5 jours ouvrables<br \/>\nCertificat:CE,ISO<br \/>\nCode HS : 9506911900<br \/>\nPersonnalisation:Support<\/td>\n<\/tr>\n<tr>\n<td width=\"160\"><strong>Avantages et caract\u00e9ristiques du produit<\/strong><\/td>\n<td width=\"484\">\u25cfCadre en aluminium, l'ensemble du cadre est poli. La barre de pied peut d\u00e9placer l'ensemble de la piste.<br \/>\n\u25cfIl s'agit d'une unit\u00e9 multit\u00e2che unique en son genre qui fonctionne comme une plateforme de lit et qui est \u00e9quip\u00e9e d'un reformer standard, d'une Cadillac virtuelle et d'un \u00e9quipement Pilates d'entra\u00eenement multiplan et multifonctionnel r\u00e9volutionnaire avec une tour compl\u00e8te.<br \/>\n\u25cfLes poulies \u00e0 c\u00e2ble peuvent \u00eatre r\u00e9gl\u00e9es individuellement en hauteur.<br \/>\n\u25cfLes roues \u00e0 roulement facile permettent de le d\u00e9placer ou de le repositionner en un tour de main. Le syst\u00e8me \u00e0 8 roues comprend quatre roues verticales personnalis\u00e9es pour soutenir le chariot et quatre roues lat\u00e9rales r\u00e9glables pour guider le chariot en douceur le long de la piste.<br \/>\n\u25cfLes doubles boucles et la courroie de pied rembourr\u00e9es, les poign\u00e9es souples, la longueur r\u00e9glable de mani\u00e8re unique selon que l'utilisateur se d\u00e9tend au fil du temps.<br \/>\n\u25cfLa partie manuelle de la barre de pied est cylindrique, facile \u00e0 saisir, et est recouverte de cuir souple. Elle peut ajuster plusieurs angles, et il est facile pour les utilisateurs de s'entra\u00eener \u00e0 de multiples mouvements.<br \/>\n\u25cfDes cordes d'escalade durables et fermes\uff0cet les r\u00e9glages de la longueur des cordes sont rapides et faciles.<br \/>\n\u25cfLa liaison entre les ressorts et le chariot peut \u00eatre r\u00e9gl\u00e9e sur 3 niveaux.<br \/>\n\u25cfTrapeze combin\u00e9 au reformer Pilates pour une plus grande vari\u00e9t\u00e9 de mouvements.<\/td>\n<\/tr>\n<tr>\n<td width=\"160\"><strong>Comprend<\/strong><\/td>\n<td width=\"484\">\u25cfCadre de reformage en aluminium + Chariot + Tour compl\u00e8te.<br \/>\n\u25cf1 jeu de cordes de poulie, 1 jeu de sangle de poign\u00e9e, doubles boucles.<br \/>\n\u25cf Planche \u00e0 sauter.<br \/>\n\u25cfCase d'assise.<br \/>\n\u25cfEpaules et coussinets de t\u00eate.<br \/>\n\u25cf Barre de pieds.<br \/>\n\u25cfSprings\uff08three pcs red, one pcs yellow, one pcs blue).<br \/>\n\u25cfPlate-forme pour les pieds\/plate-forme pour les pieds.<br \/>\n\u25cfSangle de pied en coton.<br \/>\n\u25cf Conversion de la natte.<br \/>\n\u25cfArceau de passage, arceau de s\u00e9curit\u00e9.<br \/>\n\u25cfSangle de s\u00e9curit\u00e9 et mousquetons.<br \/>\n\u25cfFuzzies loops.<br \/>\n\u25cfTrapeze stabilitysling.<br \/>\n\u25cfOutil d'assemblage simple.<\/td>\n<\/tr>\n<tr>\n<td width=\"160\"><strong>Service apr\u00e8s-vente<\/strong><\/td>\n<td width=\"484\">1. Nous garantissons la structure de la machine pendant 10 ans. Pour les autres pi\u00e8ces, la garantie est de 3 ans.<br \/>\n2. Apr\u00e8s avoir obtenu la machine, il y a une vid\u00e9o d'installation et des instructions d'installation.<br \/>\n3. Tant que la terre tournera, notre service sera en ligne en permanence.<\/td>\n<\/tr>\n<tr>\n<td width=\"160\"><strong>FAQ<\/strong><\/td>\n<td width=\"484\">Q1 : Quelle est la date de livraison ?<br \/>\nA1 : Le d\u00e9lai est de 3 \u00e0 5 jours ouvrables apr\u00e8s le paiement.<\/p>\n<p>Q2 : Quelle est la quantit\u00e9 minimale de commande ?<br \/>\nA2 : Un seul jeu de soutien.<\/p>\n<p>Q3 : Quelles sont les conditions commerciales que vous soutenez ?<br \/>\nA3 : FOB, CIF et DDP sont accept\u00e9s.<\/p>\n<p>Q4 : Quels modes de paiement acceptez-vous ?<br \/>\nA4 : TT, LC, carte de cr\u00e9dit et Paypal sont accept\u00e9s.<\/p>\n<p>Q5 : Avez-vous des instructions d'installation ?<br \/>\nA5 : Oui. Nous disposons d'instructions d'installation qui peuvent vous aider \u00e0 assembler l'\u00e9quipement. Si vous avez encore des probl\u00e8mes avec l'installation, nous pouvons prendre des vid\u00e9os pour vous.<\/td>\n<\/tr>\n<\/tbody>\n<\/table>","protected":false},"excerpt":{"rendered":"<p>Product Introduction This Aluminum Pilates reformer with full tower\uff08NH-PM010) uses the structure of basic reformer and full trapeze. The combination [&hellip;]<\/p>\n","protected":false},"featured_media":538,"comment_status":"open","ping_status":"closed","template":"","meta":{"site-sidebar-layout":"default","site-content-layout":"","ast-site-content-layout":"default","site-content-style":"default","site-sidebar-style":"default","ast-global-header-display":"","ast-banner-title-visibility":"","ast-main-header-display":"","ast-hfb-above-header-display":"","ast-hfb-below-header-display":"","ast-hfb-mobile-header-display":"","site-post-title":"","ast-breadcrumbs-content":"","ast-featured-img":"","footer-sml-layout":"","ast-disable-related-posts":"","theme-transparent-header-meta":"default","adv-header-id-meta":"","stick-header-meta":"","header-above-stick-meta":"","header-main-stick-meta":"","header-below-stick-meta":"","astra-migrate-meta-layouts":"set","ast-page-background-enabled":"default","ast-page-background-meta":{"desktop":{"background-color":"var(--ast-global-color-5)","background-image":"","background-repeat":"repeat","background-position":"center center","background-size":"auto","background-attachment":"scroll","background-type":"","background-media":"","overlay-type":"","overlay-color":"","overlay-opacity":"","overlay-gradient":""},"tablet":{"background-color":"","background-image":"","background-repeat":"repeat","background-position":"center center","background-size":"auto","background-attachment":"scroll","background-type":"","background-media":"","overlay-type":"","overlay-color":"","overlay-opacity":"","overlay-gradient":""},"mobile":{"background-color":"","background-image":"","background-repeat":"repeat","background-position":"center center","background-size":"auto","background-attachment":"scroll","background-type":"","background-media":"","overlay-type":"","overlay-color":"","overlay-opacity":"","overlay-gradient":""}},"ast-content-background-meta":{"desktop":{"background-color":"var(--ast-global-color-4)","background-image":"","background-repeat":"repeat","background-position":"center center","background-size":"auto","background-attachment":"scroll","background-type":"","background-media":"","overlay-type":"","overlay-color":"","overlay-opacity":"","overlay-gradient":""},"tablet":{"background-color":"var(--ast-global-color-4)","background-image":"","background-repeat":"repeat","background-position":"center center","background-size":"auto","background-attachment":"scroll","background-type":"","background-media":"","overlay-type":"","overlay-color":"","overlay-opacity":"","overlay-gradient":""},"mobile":{"background-color":"var(--ast-global-color-4)","background-image":"","background-repeat":"repeat","background-position":"center center","background-size":"auto","background-attachment":"scroll","background-type":"","background-media":"","overlay-type":"","overlay-color":"","overlay-opacity":"","overlay-gradient":""}}},"product_brand":[],"product_cat":[30],"product_tag":[],"class_list":{"0":"post-537","1":"product","2":"type-product","3":"status-publish","4":"has-post-thumbnail","6":"product_cat-pilates-reformer-with-full-tower","7":"desktop-align-left","8":"tablet-align-left","9":"mobile-align-left","11":"first","12":"instock","13":"shipping-taxable","14":"product-type-simple"},"_links":{"self":[{"href":"https:\/\/dzideaseed.com\/fr\/wp-json\/wp\/v2\/product\/537","targetHints":{"allow":["GET"]}}],"collection":[{"href":"https:\/\/dzideaseed.com\/fr\/wp-json\/wp\/v2\/product"}],"about":[{"href":"https:\/\/dzideaseed.com\/fr\/wp-json\/wp\/v2\/types\/product"}],"replies":[{"embeddable":true,"href":"https:\/\/dzideaseed.com\/fr\/wp-json\/wp\/v2\/comments?post=537"}],"wp:featuredmedia":[{"embeddable":true,"href":"https:\/\/dzideaseed.com\/fr\/wp-json\/wp\/v2\/media\/538"}],"wp:attachment":[{"href":"https:\/\/dzideaseed.com\/fr\/wp-json\/wp\/v2\/media?parent=537"}],"wp:term":[{"taxonomy":"product_brand","embeddable":true,"href":"https:\/\/dzideaseed.com\/fr\/wp-json\/wp\/v2\/product_brand?post=537"},{"taxonomy":"product_cat","embeddable":true,"href":"https:\/\/dzideaseed.com\/fr\/wp-json\/wp\/v2\/product_cat?post=537"},{"taxonomy":"product_tag","embeddable":true,"href":"https:\/\/dzideaseed.com\/fr\/wp-json\/wp\/v2\/product_tag?post=537"}],"curies":[{"name":"wp","href":"https:\/\/api.w.org\/{rel}","templated":true}]}}