{"id":522,"date":"2025-01-10T15:56:52","date_gmt":"2025-01-10T07:56:52","guid":{"rendered":"https:\/\/dzideaseed.com\/?post_type=product&#038;p=522"},"modified":"2025-04-10T07:53:38","modified_gmt":"2025-04-09T23:53:38","slug":"wood-pilates-reformer-nh-pm002o","status":"publish","type":"product","link":"https:\/\/dzideaseed.com\/fr\/produit\/wood-pilates-reformer-nh-pm002o\/","title":{"rendered":"R\u00e9formateur Pilates en bois NH-PM002O"},"content":{"rendered":"<table>\n<tbody>\n<tr>\n<td width=\"160\"><strong>Pr\u00e9sentation du produit<\/strong><\/td>\n<td width=\"484\">Ce r\u00e9formateur Pilates en bois est l'\u00e9quipement sp\u00e9cial le plus utilis\u00e9 dans l'entra\u00eenement Pilates, qui utilise la structure du chariot, des ressorts, de la barre de pied et des r\u00e9formateurs que nous utilisons, qui sont solides, innovants et polyvalents. La combinaison de l'acier inoxydable, de l'aluminium et du bois donne \u00e0 l'\u00e9quipement un aspect et une sensation uniques et modernes. Idea Seed Pilates equipment a le reformer Pilates qu'il vous faut.<\/td>\n<\/tr>\n<tr>\n<td width=\"160\"><strong>Param\u00e8tres du produit<\/strong><\/td>\n<td width=\"484\">Num\u00e9ro de mod\u00e8le : NH-PM002O<br \/>\nNom du produit : R\u00e9formeur Pilates<br \/>\nLieu d'origine : Chine<br \/>\nNom de marque:Idea Seed<br \/>\nMat\u00e9riau:Bois de ch\u00eane<br \/>\nTaille : 2260*730*645mm<br \/>\nTaille de l'emballage : 2380*700*450mm<br \/>\nEmballage : Emballage en bois<br \/>\nPoids : 110 kg<br \/>\nCouleur du cuir : personnalisable<br \/>\nMOQ:1<br \/>\nDur\u00e9e de la garantie : trois ans<br \/>\nCertificat:CE,ISO<br \/>\nPersonnalisation:Support<\/td>\n<\/tr>\n<tr>\n<td width=\"160\"><strong>Avantages et caract\u00e9ristiques du produit<\/strong><\/td>\n<td width=\"484\">\u25cfLes poulies \u00e0 c\u00e2ble peuvent \u00eatre r\u00e9gl\u00e9es individuellement en hauteur.<br \/>\n\u25cfLes roues \u00e0 roulement facile permettent de le d\u00e9placer ou de le repositionner en un tour de main. Le syst\u00e8me \u00e0 8 roues comprend quatre roues verticales personnalis\u00e9es pour soutenir le chariot et quatre roues lat\u00e9rales r\u00e9glables pour guider le chariot en douceur le long de la piste.<br \/>\n\u25cfLes doubles boucles et la courroie de pied rembourr\u00e9es, les poign\u00e9es souples, la longueur r\u00e9glable de mani\u00e8re unique selon que l'utilisateur se d\u00e9tend au fil du temps.<br \/>\n\u25cfLa partie manuelle de la barre de pied est cylindrique, facile \u00e0 saisir, et est recouverte de cuir souple. Elle peut ajuster plusieurs angles, et il est facile pour les utilisateurs de s'entra\u00eener \u00e0 de multiples mouvements.<br \/>\n\u25cfCordes d'escalade durables et fermes, et les r\u00e9glages de la longueur de la corde sont rapides et faciles.<br \/>\n\u25cfLa liaison entre les ressorts et le chariot peut \u00eatre r\u00e9gl\u00e9e sur 3 niveaux.<br \/>\n\u25cfL'unit\u00e9 d'arr\u00eat des chariots pour le lit r\u00e9glable dans diff\u00e9rentes positions.<\/td>\n<\/tr>\n<tr>\n<td width=\"160\"><strong>Comprend<\/strong><\/td>\n<td width=\"484\">\u25cfCadre du reformer en bois + Chariot.<br \/>\n\u25cf1 jeu de cordes de poulie, 1 jeu de sangle de poign\u00e9e, doubles boucles.<br \/>\n\u25cf Planche \u00e0 sauter.<br \/>\n\u25cfCase d'assise.<br \/>\n\u25cfEpaules et coussinets de t\u00eate.<br \/>\n\u25cf Barre de pieds.<br \/>\n\u25cfSprings(une pi\u00e8ce rouge, deux pi\u00e8ces vertes, deux pi\u00e8ces jaunes).<br \/>\n\u25cfPlate-forme pour les pieds\/plate-forme pour les pieds.<br \/>\n\u25cfSangle de pied en coton.<br \/>\n\u25cf Conversion de la natte.<br \/>\n\u25cfOutil d'assemblage simple.<\/td>\n<\/tr>\n<tr>\n<td width=\"160\"><strong>Service apr\u00e8s-vente<\/strong><\/td>\n<td width=\"484\">1. Nous garantissons la structure de la machine pendant 10 ans. Pour les autres pi\u00e8ces, la garantie est de 3 ans.<br \/>\n2. Apr\u00e8s avoir obtenu la machine, il y a une vid\u00e9o d'installation et des instructions d'installation.<br \/>\n3. Tant que la terre tournera, notre service sera en ligne en permanence.<\/td>\n<\/tr>\n<tr>\n<td width=\"160\"><strong>FAQ<\/strong><\/td>\n<td width=\"484\">Q1 : Quelle est la date de livraison ?<br \/>\nA1 : Le d\u00e9lai est de 3 \u00e0 5 jours ouvrables apr\u00e8s le paiement.<\/p>\n<p>Q2 : Quelle est la quantit\u00e9 minimale de commande ?<br \/>\nA2 : Un seul jeu de soutien.<\/p>\n<p>Q3 : Quelles sont les conditions commerciales que vous soutenez ?<br \/>\nA3 : FOB, CIF et DDP sont accept\u00e9s.<\/p>\n<p>Q4 : Quels modes de paiement acceptez-vous ?<br \/>\nA4 : TT, LC, carte de cr\u00e9dit et Paypal sont accept\u00e9s.<\/p>\n<p>Q5 : Avez-vous des instructions d'installation ?<br \/>\nA5 : Oui. Nous disposons d'instructions d'installation qui peuvent vous aider \u00e0 assembler l'\u00e9quipement. Si vous avez encore des probl\u00e8mes avec l'installation, nous pouvons prendre des vid\u00e9os pour vous.<\/td>\n<\/tr>\n<\/tbody>\n<\/table>","protected":false},"excerpt":{"rendered":"<p>Product Introduction This wood Pilates reformer\uff08NH-PM002O) is the most widely used special equipment in Pilates training, which uses the structure [&hellip;]<\/p>\n","protected":false},"featured_media":523,"comment_status":"open","ping_status":"closed","template":"","meta":{"site-sidebar-layout":"default","site-content-layout":"","ast-site-content-layout":"default","site-content-style":"default","site-sidebar-style":"default","ast-global-header-display":"","ast-banner-title-visibility":"","ast-main-header-display":"","ast-hfb-above-header-display":"","ast-hfb-below-header-display":"","ast-hfb-mobile-header-display":"","site-post-title":"","ast-breadcrumbs-content":"","ast-featured-img":"","footer-sml-layout":"","ast-disable-related-posts":"","theme-transparent-header-meta":"default","adv-header-id-meta":"","stick-header-meta":"","header-above-stick-meta":"","header-main-stick-meta":"","header-below-stick-meta":"","astra-migrate-meta-layouts":"set","ast-page-background-enabled":"default","ast-page-background-meta":{"desktop":{"background-color":"var(--ast-global-color-5)","background-image":"","background-repeat":"repeat","background-position":"center center","background-size":"auto","background-attachment":"scroll","background-type":"","background-media":"","overlay-type":"","overlay-color":"","overlay-opacity":"","overlay-gradient":""},"tablet":{"background-color":"","background-image":"","background-repeat":"repeat","background-position":"center center","background-size":"auto","background-attachment":"scroll","background-type":"","background-media":"","overlay-type":"","overlay-color":"","overlay-opacity":"","overlay-gradient":""},"mobile":{"background-color":"","background-image":"","background-repeat":"repeat","background-position":"center center","background-size":"auto","background-attachment":"scroll","background-type":"","background-media":"","overlay-type":"","overlay-color":"","overlay-opacity":"","overlay-gradient":""}},"ast-content-background-meta":{"desktop":{"background-color":"var(--ast-global-color-4)","background-image":"","background-repeat":"repeat","background-position":"center center","background-size":"auto","background-attachment":"scroll","background-type":"","background-media":"","overlay-type":"","overlay-color":"","overlay-opacity":"","overlay-gradient":""},"tablet":{"background-color":"var(--ast-global-color-4)","background-image":"","background-repeat":"repeat","background-position":"center center","background-size":"auto","background-attachment":"scroll","background-type":"","background-media":"","overlay-type":"","overlay-color":"","overlay-opacity":"","overlay-gradient":""},"mobile":{"background-color":"var(--ast-global-color-4)","background-image":"","background-repeat":"repeat","background-position":"center center","background-size":"auto","background-attachment":"scroll","background-type":"","background-media":"","overlay-type":"","overlay-color":"","overlay-opacity":"","overlay-gradient":""}}},"product_brand":[],"product_cat":[29],"product_tag":[],"class_list":{"0":"post-522","1":"product","2":"type-product","3":"status-publish","4":"has-post-thumbnail","6":"product_cat-pilates-reformer","7":"desktop-align-left","8":"tablet-align-left","9":"mobile-align-left","11":"first","12":"instock","13":"shipping-taxable","14":"product-type-simple"},"_links":{"self":[{"href":"https:\/\/dzideaseed.com\/fr\/wp-json\/wp\/v2\/product\/522","targetHints":{"allow":["GET"]}}],"collection":[{"href":"https:\/\/dzideaseed.com\/fr\/wp-json\/wp\/v2\/product"}],"about":[{"href":"https:\/\/dzideaseed.com\/fr\/wp-json\/wp\/v2\/types\/product"}],"replies":[{"embeddable":true,"href":"https:\/\/dzideaseed.com\/fr\/wp-json\/wp\/v2\/comments?post=522"}],"wp:featuredmedia":[{"embeddable":true,"href":"https:\/\/dzideaseed.com\/fr\/wp-json\/wp\/v2\/media\/523"}],"wp:attachment":[{"href":"https:\/\/dzideaseed.com\/fr\/wp-json\/wp\/v2\/media?parent=522"}],"wp:term":[{"taxonomy":"product_brand","embeddable":true,"href":"https:\/\/dzideaseed.com\/fr\/wp-json\/wp\/v2\/product_brand?post=522"},{"taxonomy":"product_cat","embeddable":true,"href":"https:\/\/dzideaseed.com\/fr\/wp-json\/wp\/v2\/product_cat?post=522"},{"taxonomy":"product_tag","embeddable":true,"href":"https:\/\/dzideaseed.com\/fr\/wp-json\/wp\/v2\/product_tag?post=522"}],"curies":[{"name":"wp","href":"https:\/\/api.w.org\/{rel}","templated":true}]}}