{"id":450,"date":"2025-01-10T14:50:58","date_gmt":"2025-01-10T06:50:58","guid":{"rendered":"https:\/\/dzideaseed.com\/?post_type=product&#038;p=450"},"modified":"2025-04-10T07:58:31","modified_gmt":"2025-04-09T23:58:31","slug":"aluminum-pilates-reformer-nh-pm003b","status":"publish","type":"product","link":"https:\/\/dzideaseed.com\/fr\/produit\/aluminum-pilates-reformer-nh-pm003b\/","title":{"rendered":"R\u00e9formeur Pilates en aluminium NH-PM003B"},"content":{"rendered":"<table width=\"644\">\n<tbody>\n<tr>\n<td width=\"160\"><strong>Pr\u00e9sentation du produit<\/strong><\/td>\n<td width=\"484\">Le reformer\uff08NH-PM003B) en aluminium est une combinaison d'exercices sur tapis et d'exercices sur machine de musculation, qui peut \u00eatre utilis\u00e9e \u00e0 la fois pour l'entra\u00eenement musculaire de l'ensemble du corps et pour l'entra\u00eenement de perte de graisse. Le r\u00e9formateur Pilates permet aux individus d'am\u00e9liorer la perception nerveuse proprioceptive pendant l'entra\u00eenement, de renforcer la formation des muscles profonds et la stabilit\u00e9 du tronc, d'am\u00e9liorer la flexibilit\u00e9, de renforcer la force musculaire et d'am\u00e9liorer le contr\u00f4le et la stabilit\u00e9 du tronc, l'\u00e9quilibre et la coordination.La chose la plus importante est qu'il peut \u00eatre utilis\u00e9 pour l'entra\u00eenement de r\u00e9habilitation de la posture, ce qui peut aider \u00e0 soulager les douleurs lombaires et la pression et \u00e0 am\u00e9liorer les performances sportives. Idea Seed Pilates equipment a le reformer Pilates qu'il vous faut.<\/td>\n<\/tr>\n<tr>\n<td width=\"160\"><strong>Param\u00e8tres du produit<\/strong><\/td>\n<td width=\"484\">Num\u00e9ro de mod\u00e8le : NH-PM003B<br \/>\nNom du produit : R\u00e9formeur Pilates<br \/>\nLieu d'origine : Chine<br \/>\nNom de marque:Idea Seed<br \/>\nMat\u00e9riau : aluminium<br \/>\nTaille : 2560*740*1050mm<br \/>\nTaille de l'emballage : 2625*820*620mm<br \/>\nEmballage : Emballage en bois<br \/>\nPoids : 110 kg<br \/>\nCouleur du cuir : personnalisable<br \/>\nMOQ:1<br \/>\nDur\u00e9e de la garantie : trois ans<br \/>\nCertificat:CE,ISO<br \/>\nCode HS : 9506911900<br \/>\nPersonnalisation:Support<\/td>\n<\/tr>\n<tr>\n<td width=\"160\"><strong>Avantages et caract\u00e9ristiques du produit<\/strong><\/td>\n<td width=\"484\">\u25cfPi\u00e8ces en aluminium anodis\u00e9es pour r\u00e9duire les frottements, pr\u00e9venir l'oxydation, cadre structurel extr\u00eamement durable et tr\u00e8s ferme.<br \/>\n\u25cfOffre des caract\u00e9ristiques de reformer standard qui augmentent l'amplitude des mouvements, ce qui en fait l'outil de choix pour les exercices de Pilates, la r\u00e9\u00e9ducation et les exercices d'entra\u00eenement crois\u00e9.<br \/>\n\u25cfLes poulies pivotantes qui permettent des angles de r\u00e9sistance variables - les cordes peuvent \u00eatre tir\u00e9es facilement dans n'importe quelle direction. Les poulies peuvent \u00eatre r\u00e9gl\u00e9es \u00e0 diff\u00e9rentes hauteurs sur la barre de poulies.<br \/>\n\u25cfL'appui-t\u00eate amovible offre un soutien au cou dans diff\u00e9rentes positions. Et les \u00e9paulettes personnalis\u00e9es sont confortables, stables et durables.<br \/>\n\u25cfLe ressort utilise d'excellentes cordes \u00e0 piano cor\u00e9ennes et allemandes import\u00e9es, diff\u00e9rentes couleurs ont diff\u00e9rentes forces, les clients peuvent personnaliser diff\u00e9rentes forces du ressort, et s'assurer que les utilisateurs peuvent r\u00e9p\u00e9ter les mouvements de mani\u00e8re coh\u00e9rente.<br \/>\n\u25cfLa bo\u00eete d'assise adopte un nouveau processus de fabrication, un cadre s\u00fbr et solide. La partie sup\u00e9rieure de la bo\u00eete est remplie d'un mat\u00e9riau souple et envelopp\u00e9e de cuir du m\u00eame mat\u00e9riau que le chariot. Trois tailles sont disponibles.<\/td>\n<\/tr>\n<tr>\n<td width=\"160\"><strong>Comprend<\/strong><\/td>\n<td width=\"484\">\u25cfCadre de reformage en aluminium + chariot.<br \/>\n\u25cf1 jeu de cordes de poulie, 1 jeu de sangle de poign\u00e9e, doubles boucles.<br \/>\n\u25cf Planche \u00e0 sauter.<br \/>\n\u25cfCase d'assise.<br \/>\n\u25cfEpaules et coussinet de t\u00eate.<br \/>\n\u25cf Barre de pieds.<br \/>\n\u25cfSprings(trois pcs rouge, un pcs bleu, un pcs blanc).<br \/>\n\u25cfPlate-forme pour les pieds\/plate-forme pour les pieds.<br \/>\n\u25cfSangle de pied en coton.<br \/>\n\u25cf Conversion de la natte.<br \/>\n\u25cfOutil d'assemblage simple.<\/td>\n<\/tr>\n<tr>\n<td width=\"160\"><strong>Service apr\u00e8s-vente<\/strong><\/td>\n<td width=\"484\">1. Nous garantissons la structure de la machine pendant 10 ans. Pour les autres pi\u00e8ces, la garantie est de 3 ans.<br \/>\n2. Apr\u00e8s avoir obtenu la machine, il y a une vid\u00e9o d'installation et des instructions d'installation.<br \/>\n3. Tant que la terre tournera, notre service sera en ligne en permanence.<\/td>\n<\/tr>\n<tr>\n<td width=\"160\"><strong>FAQ<\/strong><\/td>\n<td width=\"484\">Q1 : Quelle est la date de livraison ?<br \/>\nA1 : Le d\u00e9lai est de 3 \u00e0 5 jours ouvrables apr\u00e8s le paiement.<\/p>\n<p>Q2 : Quelle est la quantit\u00e9 minimale de commande ?<br \/>\nA2 : Un seul jeu de soutien.<\/p>\n<p>Q3 : Quelles sont les conditions commerciales que vous soutenez ?<br \/>\nA3 : FOB, CIF et DDP sont accept\u00e9s.<\/p>\n<p>Q4 : Quels modes de paiement acceptez-vous ?<br \/>\nA4 : TT, LC, carte de cr\u00e9dit et Paypal sont accept\u00e9s.<\/p>\n<p>Q5 : Avez-vous des instructions d'installation ?<br \/>\nA5 : Oui. Nous disposons d'instructions d'installation qui peuvent vous aider \u00e0 assembler l'\u00e9quipement. Si vous avez encore des probl\u00e8mes avec l'installation, nous pouvons prendre des vid\u00e9os pour vous.<\/td>\n<\/tr>\n<\/tbody>\n<\/table>","protected":false},"excerpt":{"rendered":"<p>Product Introduction The aluminum Pilates reformer\uff08NH-PM003B) is a combination of mat exercises and strength machine exercises, which can be used [&hellip;]<\/p>\n","protected":false},"featured_media":452,"comment_status":"open","ping_status":"closed","template":"","meta":{"site-sidebar-layout":"default","site-content-layout":"","ast-site-content-layout":"default","site-content-style":"default","site-sidebar-style":"default","ast-global-header-display":"","ast-banner-title-visibility":"","ast-main-header-display":"","ast-hfb-above-header-display":"","ast-hfb-below-header-display":"","ast-hfb-mobile-header-display":"","site-post-title":"","ast-breadcrumbs-content":"","ast-featured-img":"","footer-sml-layout":"","ast-disable-related-posts":"","theme-transparent-header-meta":"default","adv-header-id-meta":"","stick-header-meta":"","header-above-stick-meta":"","header-main-stick-meta":"","header-below-stick-meta":"","astra-migrate-meta-layouts":"set","ast-page-background-enabled":"default","ast-page-background-meta":{"desktop":{"background-color":"var(--ast-global-color-5)","background-image":"","background-repeat":"repeat","background-position":"center center","background-size":"auto","background-attachment":"scroll","background-type":"","background-media":"","overlay-type":"","overlay-color":"","overlay-opacity":"","overlay-gradient":""},"tablet":{"background-color":"","background-image":"","background-repeat":"repeat","background-position":"center center","background-size":"auto","background-attachment":"scroll","background-type":"","background-media":"","overlay-type":"","overlay-color":"","overlay-opacity":"","overlay-gradient":""},"mobile":{"background-color":"","background-image":"","background-repeat":"repeat","background-position":"center center","background-size":"auto","background-attachment":"scroll","background-type":"","background-media":"","overlay-type":"","overlay-color":"","overlay-opacity":"","overlay-gradient":""}},"ast-content-background-meta":{"desktop":{"background-color":"var(--ast-global-color-4)","background-image":"","background-repeat":"repeat","background-position":"center center","background-size":"auto","background-attachment":"scroll","background-type":"","background-media":"","overlay-type":"","overlay-color":"","overlay-opacity":"","overlay-gradient":""},"tablet":{"background-color":"var(--ast-global-color-4)","background-image":"","background-repeat":"repeat","background-position":"center center","background-size":"auto","background-attachment":"scroll","background-type":"","background-media":"","overlay-type":"","overlay-color":"","overlay-opacity":"","overlay-gradient":""},"mobile":{"background-color":"var(--ast-global-color-4)","background-image":"","background-repeat":"repeat","background-position":"center center","background-size":"auto","background-attachment":"scroll","background-type":"","background-media":"","overlay-type":"","overlay-color":"","overlay-opacity":"","overlay-gradient":""}}},"product_brand":[],"product_cat":[29],"product_tag":[],"class_list":{"0":"post-450","1":"product","2":"type-product","3":"status-publish","4":"has-post-thumbnail","6":"product_cat-pilates-reformer","7":"desktop-align-left","8":"tablet-align-left","9":"mobile-align-left","11":"first","12":"instock","13":"shipping-taxable","14":"product-type-simple"},"_links":{"self":[{"href":"https:\/\/dzideaseed.com\/fr\/wp-json\/wp\/v2\/product\/450","targetHints":{"allow":["GET"]}}],"collection":[{"href":"https:\/\/dzideaseed.com\/fr\/wp-json\/wp\/v2\/product"}],"about":[{"href":"https:\/\/dzideaseed.com\/fr\/wp-json\/wp\/v2\/types\/product"}],"replies":[{"embeddable":true,"href":"https:\/\/dzideaseed.com\/fr\/wp-json\/wp\/v2\/comments?post=450"}],"wp:featuredmedia":[{"embeddable":true,"href":"https:\/\/dzideaseed.com\/fr\/wp-json\/wp\/v2\/media\/452"}],"wp:attachment":[{"href":"https:\/\/dzideaseed.com\/fr\/wp-json\/wp\/v2\/media?parent=450"}],"wp:term":[{"taxonomy":"product_brand","embeddable":true,"href":"https:\/\/dzideaseed.com\/fr\/wp-json\/wp\/v2\/product_brand?post=450"},{"taxonomy":"product_cat","embeddable":true,"href":"https:\/\/dzideaseed.com\/fr\/wp-json\/wp\/v2\/product_cat?post=450"},{"taxonomy":"product_tag","embeddable":true,"href":"https:\/\/dzideaseed.com\/fr\/wp-json\/wp\/v2\/product_tag?post=450"}],"curies":[{"name":"wp","href":"https:\/\/api.w.org\/{rel}","templated":true}]}}