{"id":387,"date":"2025-01-10T10:31:41","date_gmt":"2025-01-10T02:31:41","guid":{"rendered":"http:\/\/dzideaseed.com\/?post_type=product&#038;p=387"},"modified":"2025-04-10T08:04:56","modified_gmt":"2025-04-10T00:04:56","slug":"metal-pilates-chair-nh-pm007s","status":"publish","type":"product","link":"https:\/\/dzideaseed.com\/fr\/produit\/metal-pilates-chair-nh-pm007s\/","title":{"rendered":"Chaise Pilates en m\u00e9tal NH-PM007S"},"content":{"rendered":"<table style=\"border-collapse: collapse;\" border=\"0\" cellspacing=\"0\" cellpadding=\"0\">\n<tbody>\n<tr style=\"height: 99.00pt;\">\n<td class=\"et4\" style=\"height: 99.00pt; width: 120.00pt;\" width=\"160\" height=\"132\"><strong>Pr\u00e9sentation du produit<\/strong><\/td>\n<td class=\"et5\" style=\"width: 363.25pt;\" width=\"484\">Cette chaise Pilates en m\u00e9tal (NH-PM007S) peut renforcer la colonne vert\u00e9brale, l'abdomen, le bas du dos et la capacit\u00e9 pelvienne. La chaise Pilates am\u00e9liore la force, l'endurance et l'\u00e9quilibre en sollicitant le poids du corps, la coordination et la r\u00e9sistance du ressort. Idea Seed Pilates equipment a l'\u00e9quipement qu'il vous faut.<\/td>\n<\/tr>\n<tr style=\"height: 253.00pt;\">\n<td class=\"et4\" style=\"height: 253.00pt; width: 120.00pt;\" width=\"160\" height=\"337\"><strong>Param\u00e8tres du produit<\/strong><\/td>\n<td class=\"et5\" style=\"width: 363.25pt;\" width=\"484\">Num\u00e9ro de mod\u00e8le : NH-PM007S<br \/>\nNom du produit : chaise Pilates<br \/>\nLieu d'origine : Chine<br \/>\nNom de marque:Idea Seed<br \/>\nMat\u00e9riau : M\u00e9tal<br \/>\nTaille : 800*730*1360mm<br \/>\nTaille de l'emballage : 820*820*710mm<br \/>\nEmballage : Emballage en bois<br \/>\nPoids : 50 kg<br \/>\nCouleur du cuir : personnalisable<br \/>\nMOQ:1<br \/>\nDur\u00e9e de la garantie : trois ans<br \/>\nCertificat:CE,ISO<br \/>\nCode HS : 9506911900<br \/>\nPersonnalisation:Support<\/td>\n<\/tr>\n<tr style=\"height: 180.00pt;\">\n<td class=\"et4\" style=\"height: 180.00pt; width: 120.00pt;\" width=\"160\" height=\"240\"><strong>Avantages et caract\u00e9ristiques du produit<\/strong><\/td>\n<td class=\"et5\" style=\"width: 363.25pt;\" width=\"484\">\u25cfLes pi\u00e8ces de la poign\u00e9e et du support de la p\u00e9dale sont en mat\u00e9riau inoxydable.<br \/>\n\u25cfLa poign\u00e9e peut \u00eatre ajust\u00e9e \u00e0 diff\u00e9rentes hauteurs, facile \u00e0 saisir au niveau de la poign\u00e9e.<br \/>\n\u25cfLa chaise a \u00e9t\u00e9 finement polie et pr\u00e9sente une surface lisse.<br \/>\n\u25cfLes deux roues facilitent le d\u00e9placement.<br \/>\n\u25cfDes ressorts durables et fermes, et diff\u00e9rents ressorts \u00e9lastiques ajoutent de la vari\u00e9t\u00e9 \u00e0 l'exercice.<br \/>\n\u25cfDeux p\u00e9dales divis\u00e9es qui peuvent \u00eatre d\u00e9plac\u00e9es alternativement et converties en une seule, qui peut ins\u00e9rer une barre en bois d'une seule pi\u00e8ce.<\/td>\n<\/tr>\n<tr style=\"height: 115.50pt;\">\n<td class=\"et6\" style=\"height: 115.50pt; width: 120.00pt;\" width=\"160\" height=\"154\"><strong>Comprend<\/strong><\/td>\n<td class=\"et5\" style=\"width: 363.25pt;\" width=\"484\">\u25cfCadre de la chaise en m\u00e9tal.<br \/>\n\u25cfDeux guidons.<br \/>\n\u25cfUne barre en bois (relie les deux p\u00e9dales s\u00e9par\u00e9es).<br \/>\n\u25cfSprings\uff08two pcs green, two pcs red).<br \/>\n\u25cfDeux p\u00e9dales s\u00e9par\u00e9es.<br \/>\n\u25cf Deux roues.<br \/>\n\u25cfOutil d'assemblage simple.<\/td>\n<\/tr>\n<tr style=\"height: 110.00pt;\">\n<td class=\"et4\" style=\"height: 110.00pt; width: 120.00pt;\" width=\"160\" height=\"146\"><strong>Service apr\u00e8s-vente<\/strong><\/td>\n<td class=\"et5\" style=\"width: 363.25pt;\" width=\"484\">1. Nous garantissons la structure de la machine pendant 10 ans. Pour les autres pi\u00e8ces, la garantie est de 3 ans.<br \/>\n2. Apr\u00e8s avoir obtenu la machine, il y a une vid\u00e9o d'installation et des instructions d'installation.<br \/>\n3. Tant que la terre tournera, notre service sera en ligne en permanence.<\/td>\n<\/tr>\n<tr style=\"height: 273.00pt;\">\n<td class=\"et4\" style=\"height: 273.00pt; width: 120.00pt;\" width=\"160\" height=\"364\"><strong>FAQ<\/strong><\/td>\n<td class=\"et5\" style=\"width: 363.25pt;\" width=\"484\">Q1 : Quelle est la date de livraison ?<br \/>\nA1 : Le d\u00e9lai est de 3 \u00e0 5 jours ouvrables apr\u00e8s le paiement.<\/p>\n<p>Q2 : Quelle est la quantit\u00e9 minimale de commande ?<br \/>\nA2 : Un seul jeu de soutien.<\/p>\n<p>Q3 : Quelles sont les conditions commerciales que vous soutenez ?<br \/>\nA3 : FOB, CIF et DDP sont accept\u00e9s.<\/p>\n<p>Q4 : Quels modes de paiement acceptez-vous ?<br \/>\nA4 : TT, LC, carte de cr\u00e9dit et Paypal sont accept\u00e9s.<\/p>\n<p>Q5 : Avez-vous des instructions d'installation ?<br \/>\nA5 : Oui. Nous disposons d'instructions d'installation qui peuvent vous aider \u00e0 assembler l'\u00e9quipement. Si vous avez encore des probl\u00e8mes avec l'installation, nous pouvons prendre des vid\u00e9os pour vous.<\/td>\n<\/tr>\n<\/tbody>\n<\/table>","protected":false},"excerpt":{"rendered":"<p>Product Introduction This Metal Pilates chair (NH-PM007S) can strengthen the spine, abdomen, lower back and pelvic ability. The Pilates chair [&hellip;]<\/p>\n","protected":false},"featured_media":388,"comment_status":"open","ping_status":"closed","template":"","meta":{"site-sidebar-layout":"default","site-content-layout":"","ast-site-content-layout":"default","site-content-style":"default","site-sidebar-style":"default","ast-global-header-display":"","ast-banner-title-visibility":"","ast-main-header-display":"","ast-hfb-above-header-display":"","ast-hfb-below-header-display":"","ast-hfb-mobile-header-display":"","site-post-title":"","ast-breadcrumbs-content":"","ast-featured-img":"","footer-sml-layout":"","ast-disable-related-posts":"","theme-transparent-header-meta":"default","adv-header-id-meta":"","stick-header-meta":"","header-above-stick-meta":"","header-main-stick-meta":"","header-below-stick-meta":"","astra-migrate-meta-layouts":"set","ast-page-background-enabled":"default","ast-page-background-meta":{"desktop":{"background-color":"var(--ast-global-color-5)","background-image":"","background-repeat":"repeat","background-position":"center center","background-size":"auto","background-attachment":"scroll","background-type":"","background-media":"","overlay-type":"","overlay-color":"","overlay-opacity":"","overlay-gradient":""},"tablet":{"background-color":"","background-image":"","background-repeat":"repeat","background-position":"center center","background-size":"auto","background-attachment":"scroll","background-type":"","background-media":"","overlay-type":"","overlay-color":"","overlay-opacity":"","overlay-gradient":""},"mobile":{"background-color":"","background-image":"","background-repeat":"repeat","background-position":"center center","background-size":"auto","background-attachment":"scroll","background-type":"","background-media":"","overlay-type":"","overlay-color":"","overlay-opacity":"","overlay-gradient":""}},"ast-content-background-meta":{"desktop":{"background-color":"var(--ast-global-color-4)","background-image":"","background-repeat":"repeat","background-position":"center center","background-size":"auto","background-attachment":"scroll","background-type":"","background-media":"","overlay-type":"","overlay-color":"","overlay-opacity":"","overlay-gradient":""},"tablet":{"background-color":"var(--ast-global-color-4)","background-image":"","background-repeat":"repeat","background-position":"center center","background-size":"auto","background-attachment":"scroll","background-type":"","background-media":"","overlay-type":"","overlay-color":"","overlay-opacity":"","overlay-gradient":""},"mobile":{"background-color":"var(--ast-global-color-4)","background-image":"","background-repeat":"repeat","background-position":"center center","background-size":"auto","background-attachment":"scroll","background-type":"","background-media":"","overlay-type":"","overlay-color":"","overlay-opacity":"","overlay-gradient":""}}},"product_brand":[],"product_cat":[28],"product_tag":[],"class_list":{"0":"post-387","1":"product","2":"type-product","3":"status-publish","4":"has-post-thumbnail","6":"product_cat-pilates-chair","7":"desktop-align-left","8":"tablet-align-left","9":"mobile-align-left","11":"first","12":"instock","13":"shipping-taxable","14":"product-type-simple"},"_links":{"self":[{"href":"https:\/\/dzideaseed.com\/fr\/wp-json\/wp\/v2\/product\/387","targetHints":{"allow":["GET"]}}],"collection":[{"href":"https:\/\/dzideaseed.com\/fr\/wp-json\/wp\/v2\/product"}],"about":[{"href":"https:\/\/dzideaseed.com\/fr\/wp-json\/wp\/v2\/types\/product"}],"replies":[{"embeddable":true,"href":"https:\/\/dzideaseed.com\/fr\/wp-json\/wp\/v2\/comments?post=387"}],"wp:featuredmedia":[{"embeddable":true,"href":"https:\/\/dzideaseed.com\/fr\/wp-json\/wp\/v2\/media\/388"}],"wp:attachment":[{"href":"https:\/\/dzideaseed.com\/fr\/wp-json\/wp\/v2\/media?parent=387"}],"wp:term":[{"taxonomy":"product_brand","embeddable":true,"href":"https:\/\/dzideaseed.com\/fr\/wp-json\/wp\/v2\/product_brand?post=387"},{"taxonomy":"product_cat","embeddable":true,"href":"https:\/\/dzideaseed.com\/fr\/wp-json\/wp\/v2\/product_cat?post=387"},{"taxonomy":"product_tag","embeddable":true,"href":"https:\/\/dzideaseed.com\/fr\/wp-json\/wp\/v2\/product_tag?post=387"}],"curies":[{"name":"wp","href":"https:\/\/api.w.org\/{rel}","templated":true}]}}