{"id":381,"date":"2025-01-10T10:22:21","date_gmt":"2025-01-10T02:22:21","guid":{"rendered":"http:\/\/dzideaseed.com\/?post_type=product&#038;p=381"},"modified":"2025-04-10T08:05:40","modified_gmt":"2025-04-10T00:05:40","slug":"wood-ladder-barrel-nh-pm006w","status":"publish","type":"product","link":"https:\/\/dzideaseed.com\/fr\/produit\/wood-ladder-barrel-nh-pm006w\/","title":{"rendered":"Baril \u00e0 \u00e9chelle en bois NH-PM006W"},"content":{"rendered":"<table>\n<tbody>\n<tr>\n<td width=\"160\"><strong>Pr\u00e9sentation du produit<\/strong><\/td>\n<td width=\"484\">Cette \u00e9chelle en bois (NH-PM006W) est un excellent \u00e9quipement d'entra\u00eenement pour le corps afin d'ajuster l'\u00e9quilibre et le contr\u00f4le, ce qui peut am\u00e9liorer les lignes des membres inf\u00e9rieurs et le contr\u00f4le du tronc. Le baril d'\u00e9chelle vous permet de remodeler votre corps et d'am\u00e9liorer votre force. Il permet non seulement d'exercer les muscles, mais aussi d'am\u00e9liorer l'alignement des os. Chaque muscle de notre corps doit participer \u00e0 la r\u00e9alisation de l'exercice. C'est un d\u00e9fi, mais c'est aussi un processus n\u00e9cessaire pour corriger le corps. Idea Seed Pilates equipment a l'\u00e9quipement qu'il vous faut.<\/td>\n<\/tr>\n<tr>\n<td width=\"160\"><strong>Param\u00e8tres du produit<\/strong><\/td>\n<td width=\"484\">Num\u00e9ro de mod\u00e8le : NH-PM006W<br \/>\nNom du produit : Baril \u00e0 \u00e9chelle<br \/>\nLieu d'origine : Chine<br \/>\nNom de marque:Idea Seed<br \/>\nMat\u00e9riau : bois Taille : 1100*800*980mm Taille de l'emballage : 1130*690*1150mm<br \/>\nEmballage : Emballage en bois<br \/>\nPoids : 50 kg<br \/>\nCouleur du cuir : personnalisable<br \/>\nMOQ:1<br \/>\nDur\u00e9e de la garantie : trois ans<br \/>\nCertificat:CE,ISO<br \/>\nCode HS : 9506911900<br \/>\nPersonnalisation:Support<\/td>\n<\/tr>\n<tr>\n<td width=\"160\"><strong>Avantages et caract\u00e9ristiques du produit<\/strong><\/td>\n<td width=\"484\">\u25cfBeaucoup de bois durable pour la construction du cadre et de l'\u00e9chelle.<br \/>\n\u25cfSyst\u00e8me de r\u00e9glage facile, la p\u00e9dale unique permet une mise en \u0153uvre ais\u00e9e.<br \/>\n\u25cfLe cadre a \u00e9t\u00e9 finement poli et pr\u00e9sente une surface lisse.<br \/>\n\u25cfLes deux roues facilitent le d\u00e9placement.<br \/>\n\u25cfFournir un cuir r\u00e9sistant \u00e0 l'usure et souple pour apporter une excellente exp\u00e9rience aux utilisateurs.<\/td>\n<\/tr>\n<tr>\n<td width=\"160\"><strong>Comprend<\/strong><\/td>\n<td width=\"484\">\u25cfCadre de tonneau en bois et tonneau en \u00e9chelle.<br \/>\n\u25cfSyst\u00e8me \u00e0 p\u00e9dale unique.<br \/>\n\u25cf Deux roues.<br \/>\n\u25cf Deux tailles de planches diff\u00e9rentes.<br \/>\n\u25cfOutil d'assemblage simple.<\/td>\n<\/tr>\n<tr>\n<td width=\"160\"><strong>Service apr\u00e8s-vente<\/strong><\/td>\n<td width=\"484\">1. Nous garantissons la structure de la machine pendant 10 ans. Pour les autres pi\u00e8ces, la garantie est de 3 ans.<br \/>\n2. Apr\u00e8s avoir obtenu la machine, il y a une vid\u00e9o d'installation et des instructions d'installation.<br \/>\n3. Tant que la terre tournera, notre service sera en ligne en permanence.<\/td>\n<\/tr>\n<tr>\n<td width=\"160\"><strong>FAQ<\/strong><\/td>\n<td width=\"484\">Q1 : Quelle est la date de livraison ?<br \/>\nA1 : Le d\u00e9lai est de 3 \u00e0 5 jours ouvrables apr\u00e8s le paiement.<\/p>\n<p>Q2 : Quelle est la quantit\u00e9 minimale de commande ?<br \/>\nA2 : Un seul jeu de soutien.<\/p>\n<p>Q3 : Quelles sont les conditions commerciales que vous soutenez ?<br \/>\nA3 : FOB, CIF et DDP sont accept\u00e9s.<\/p>\n<p>Q4 : Quels modes de paiement acceptez-vous ?<br \/>\nA4 : TT, LC, carte de cr\u00e9dit et Paypal sont accept\u00e9s.<\/p>\n<p>Q5 : Avez-vous des instructions d'installation ?<br \/>\nA5 : Oui. Nous disposons d'instructions d'installation qui peuvent vous aider \u00e0 assembler l'\u00e9quipement. Si vous avez encore des probl\u00e8mes avec l'installation, nous pouvons prendre des vid\u00e9os pour vous.<\/td>\n<\/tr>\n<\/tbody>\n<\/table>","protected":false},"excerpt":{"rendered":"<p>Product Introduction This Wood Ladder barrel (NH-PM006W) is a great training equipment to body for adjusting balance and control, which [&hellip;]<\/p>\n","protected":false},"featured_media":382,"comment_status":"open","ping_status":"closed","template":"","meta":{"site-sidebar-layout":"default","site-content-layout":"","ast-site-content-layout":"default","site-content-style":"default","site-sidebar-style":"default","ast-global-header-display":"","ast-banner-title-visibility":"","ast-main-header-display":"","ast-hfb-above-header-display":"","ast-hfb-below-header-display":"","ast-hfb-mobile-header-display":"","site-post-title":"","ast-breadcrumbs-content":"","ast-featured-img":"","footer-sml-layout":"","ast-disable-related-posts":"","theme-transparent-header-meta":"default","adv-header-id-meta":"","stick-header-meta":"","header-above-stick-meta":"","header-main-stick-meta":"","header-below-stick-meta":"","astra-migrate-meta-layouts":"set","ast-page-background-enabled":"default","ast-page-background-meta":{"desktop":{"background-color":"var(--ast-global-color-5)","background-image":"","background-repeat":"repeat","background-position":"center center","background-size":"auto","background-attachment":"scroll","background-type":"","background-media":"","overlay-type":"","overlay-color":"","overlay-opacity":"","overlay-gradient":""},"tablet":{"background-color":"","background-image":"","background-repeat":"repeat","background-position":"center center","background-size":"auto","background-attachment":"scroll","background-type":"","background-media":"","overlay-type":"","overlay-color":"","overlay-opacity":"","overlay-gradient":""},"mobile":{"background-color":"","background-image":"","background-repeat":"repeat","background-position":"center center","background-size":"auto","background-attachment":"scroll","background-type":"","background-media":"","overlay-type":"","overlay-color":"","overlay-opacity":"","overlay-gradient":""}},"ast-content-background-meta":{"desktop":{"background-color":"var(--ast-global-color-4)","background-image":"","background-repeat":"repeat","background-position":"center center","background-size":"auto","background-attachment":"scroll","background-type":"","background-media":"","overlay-type":"","overlay-color":"","overlay-opacity":"","overlay-gradient":""},"tablet":{"background-color":"var(--ast-global-color-4)","background-image":"","background-repeat":"repeat","background-position":"center center","background-size":"auto","background-attachment":"scroll","background-type":"","background-media":"","overlay-type":"","overlay-color":"","overlay-opacity":"","overlay-gradient":""},"mobile":{"background-color":"var(--ast-global-color-4)","background-image":"","background-repeat":"repeat","background-position":"center center","background-size":"auto","background-attachment":"scroll","background-type":"","background-media":"","overlay-type":"","overlay-color":"","overlay-opacity":"","overlay-gradient":""}}},"product_brand":[],"product_cat":[27],"product_tag":[],"class_list":{"0":"post-381","1":"product","2":"type-product","3":"status-publish","4":"has-post-thumbnail","6":"product_cat-ladder-barrel","7":"desktop-align-left","8":"tablet-align-left","9":"mobile-align-left","11":"first","12":"instock","13":"shipping-taxable","14":"product-type-simple"},"_links":{"self":[{"href":"https:\/\/dzideaseed.com\/fr\/wp-json\/wp\/v2\/product\/381","targetHints":{"allow":["GET"]}}],"collection":[{"href":"https:\/\/dzideaseed.com\/fr\/wp-json\/wp\/v2\/product"}],"about":[{"href":"https:\/\/dzideaseed.com\/fr\/wp-json\/wp\/v2\/types\/product"}],"replies":[{"embeddable":true,"href":"https:\/\/dzideaseed.com\/fr\/wp-json\/wp\/v2\/comments?post=381"}],"wp:featuredmedia":[{"embeddable":true,"href":"https:\/\/dzideaseed.com\/fr\/wp-json\/wp\/v2\/media\/382"}],"wp:attachment":[{"href":"https:\/\/dzideaseed.com\/fr\/wp-json\/wp\/v2\/media?parent=381"}],"wp:term":[{"taxonomy":"product_brand","embeddable":true,"href":"https:\/\/dzideaseed.com\/fr\/wp-json\/wp\/v2\/product_brand?post=381"},{"taxonomy":"product_cat","embeddable":true,"href":"https:\/\/dzideaseed.com\/fr\/wp-json\/wp\/v2\/product_cat?post=381"},{"taxonomy":"product_tag","embeddable":true,"href":"https:\/\/dzideaseed.com\/fr\/wp-json\/wp\/v2\/product_tag?post=381"}],"curies":[{"name":"wp","href":"https:\/\/api.w.org\/{rel}","templated":true}]}}