{"id":1295,"date":"2026-01-12T21:50:12","date_gmt":"2026-01-12T13:50:12","guid":{"rendered":"https:\/\/dzideaseed.com\/?post_type=product&#038;p=1295"},"modified":"2026-01-12T21:50:12","modified_gmt":"2026-01-12T13:50:12","slug":"wood-fold-pilates-reformer-nh-pm012w","status":"publish","type":"product","link":"https:\/\/dzideaseed.com\/fr\/produit\/wood-fold-pilates-reformer-nh-pm012w\/","title":{"rendered":"R\u00e9formateur Pilates \u00e0 pliage en bois NH-PM012W"},"content":{"rendered":"<table>\n<tbody>\n<tr>\n<td>Pr\u00e9sentation du produit<\/td>\n<td>The walnut color finished Pilates Reformer (NH-PM012W) stands as one of the most widely utilized and trusted pieces of specialized equipment in professional Pilates training.\u00a0\u00a0 Designed with practicality in mind, this reformer is easy to store, features a foldable frame for compact convenience, and offers intuitive operation suitable for all skill levels.\u00a0\u00a0 Its robust wooden structure provides the stability and versatility needed to perform the full spectrum of Pilates movements with precision and control.<br \/>\nFabriqu\u00e9 dans un souci d'esth\u00e9tique moderne, le r\u00e9formateur associe une finition chaude en bois de noyer aux tons riches et stratifi\u00e9s du style inspir\u00e9 de Maillard, \u00e9voquant un sentiment d'\u00e9l\u00e9gance discr\u00e8te.<\/td>\n<\/tr>\n<tr>\n<td>Param\u00e8tres du produit<\/td>\n<td>Model Number:NH-PM012W<br \/>\nNom du produit : R\u00e9formateur Pilates pliable<br \/>\nLieu d'origine : Chine<br \/>\nNom de marque:Idea Seed<br \/>\nMat\u00e9riau:ch\u00eane\/h\u00eatre\/noyer<br \/>\nTaille : 2300*600*270mm<br \/>\nTaille de l'emballage : 1280*660*610mm<br \/>\nEmballage : Emballage en bois<br \/>\nPoids : 96 kg<br \/>\nCouleur du cuir : personnalisable<br \/>\nMOQ:1<br \/>\nDur\u00e9e de la garantie : trois ans<br \/>\nCertificat:CE,ISO<br \/>\nCode HS : 9506911900<br \/>\nPersonnalisation:Support<\/td>\n<\/tr>\n<tr>\n<td>Avantages et caract\u00e9ristiques du produit<\/td>\n<td>\u25cfLes bois d'\u00e9rable, de h\u00eatre, de noyer et de ch\u00eane au choix.<br \/>\n\u25cfLes poulies \u00e0 c\u00e2ble peuvent \u00eatre r\u00e9gl\u00e9es individuellement en hauteur.<br \/>\n\u25cfRangement facile, une seule personne peut le d\u00e9placer.<br \/>\n\u25cfLes doubles boucles et la courroie de pied rembourr\u00e9es, les poign\u00e9es souples, la longueur r\u00e9glable de mani\u00e8re unique selon que l'utilisateur se d\u00e9tend au fil du temps.<br \/>\n\u25cfLa partie manuelle de la barre de pied est cylindrique, facile \u00e0 saisir, et est recouverte de cuir souple. Elle peut ajuster plusieurs angles, et il est facile pour les utilisateurs de s'entra\u00eener \u00e0 de multiples mouvements.<br \/>\n\u25cfCordes d'escalade durables et fermes, et les r\u00e9glages de la longueur de la corde sont rapides et faciles.<br \/>\n\u25cfLa liaison entre les ressorts et le chariot peut \u00eatre r\u00e9gl\u00e9e sur 3 niveaux.<br \/>\n\u25cfL'unit\u00e9 d'arr\u00eat des chariots pour le lit r\u00e9glable dans diff\u00e9rentes positions.<\/td>\n<\/tr>\n<tr>\n<td>Comprend<\/td>\n<td>\u25cfCadre du reformer en bois + Chariot.<br \/>\n\u25cf1 jeu de cordes de poulie, 1 jeu de sangle de poign\u00e9e, doubles boucles.<br \/>\n\u25cf Planche \u00e0 sauter.<br \/>\n\u25cfCase d'assise.<br \/>\n\u25cfCoussinets d'\u00e9paule et de t\u00eate.<br \/>\n\u25cf Barre de pieds.<br \/>\n\u25cfSpring\uff08two pcs red, two pcs green, two pcs yellow ).<br \/>\n\u25cfPlate-forme pour les pieds\/plate-forme pour les pieds.<br \/>\n\u25cfSangle de pied en coton.<br \/>\n\u25cfOutil d'assemblage simple.<\/td>\n<\/tr>\n<tr>\n<td>Service apr\u00e8s-vente<\/td>\n<td>1. Nous garantissons la structure de la machine pendant 10 ans. Pour les autres pi\u00e8ces, la garantie est de 3 ans.<br \/>\n2. Apr\u00e8s avoir obtenu la machine, il y a une vid\u00e9o d'installation et des instructions d'installation.<br \/>\n3. Tant que la terre tournera, notre service sera en ligne en permanence.<\/td>\n<\/tr>\n<tr>\n<td>FAQ<\/td>\n<td>Q1 : Quelle est la date de livraison ?<br \/>\nR1 : Le d\u00e9lai est de 3 \u00e0 5 jours ouvrables apr\u00e8s le paiement. Q2 : Quelle est la quantit\u00e9 minimale de commande ?<br \/>\nA2 : Un seul jeu de soutien.<\/p>\n<p>Q3 : Quelles sont les conditions commerciales que vous soutenez ?<br \/>\nA3 : FOB, CIF et DDP sont accept\u00e9s.<\/p>\n<p>Q4 : Quels modes de paiement acceptez-vous ?<br \/>\nA4 : TT, LC, carte de cr\u00e9dit et Paypal sont accept\u00e9s.<\/p>\n<p>Q5 : Avez-vous des instructions d'installation ?<br \/>\nA5 : Oui. Nous disposons d'instructions d'installation qui peuvent vous aider \u00e0 assembler l'\u00e9quipement. Si vous avez encore des probl\u00e8mes avec l'installation, nous pouvons prendre des vid\u00e9os pour vous.<\/td>\n<\/tr>\n<\/tbody>\n<\/table>","protected":false},"excerpt":{"rendered":"<p>Product Introduction The walnut color finished Pilates Reformer (NH-PM012W) stands as one of the most widely utilized and trusted pieces [&hellip;]<\/p>\n","protected":false},"featured_media":1296,"comment_status":"open","ping_status":"closed","template":"","meta":{"site-sidebar-layout":"default","site-content-layout":"","ast-site-content-layout":"default","site-content-style":"default","site-sidebar-style":"default","ast-global-header-display":"","ast-banner-title-visibility":"","ast-main-header-display":"","ast-hfb-above-header-display":"","ast-hfb-below-header-display":"","ast-hfb-mobile-header-display":"","site-post-title":"","ast-breadcrumbs-content":"","ast-featured-img":"","footer-sml-layout":"","ast-disable-related-posts":"","theme-transparent-header-meta":"default","adv-header-id-meta":"","stick-header-meta":"","header-above-stick-meta":"","header-main-stick-meta":"","header-below-stick-meta":"","astra-migrate-meta-layouts":"set","ast-page-background-enabled":"default","ast-page-background-meta":{"desktop":{"background-color":"var(--ast-global-color-5)","background-image":"","background-repeat":"repeat","background-position":"center center","background-size":"auto","background-attachment":"scroll","background-type":"","background-media":"","overlay-type":"","overlay-color":"","overlay-opacity":"","overlay-gradient":""},"tablet":{"background-color":"","background-image":"","background-repeat":"repeat","background-position":"center center","background-size":"auto","background-attachment":"scroll","background-type":"","background-media":"","overlay-type":"","overlay-color":"","overlay-opacity":"","overlay-gradient":""},"mobile":{"background-color":"","background-image":"","background-repeat":"repeat","background-position":"center center","background-size":"auto","background-attachment":"scroll","background-type":"","background-media":"","overlay-type":"","overlay-color":"","overlay-opacity":"","overlay-gradient":""}},"ast-content-background-meta":{"desktop":{"background-color":"var(--ast-global-color-4)","background-image":"","background-repeat":"repeat","background-position":"center center","background-size":"auto","background-attachment":"scroll","background-type":"","background-media":"","overlay-type":"","overlay-color":"","overlay-opacity":"","overlay-gradient":""},"tablet":{"background-color":"var(--ast-global-color-4)","background-image":"","background-repeat":"repeat","background-position":"center center","background-size":"auto","background-attachment":"scroll","background-type":"","background-media":"","overlay-type":"","overlay-color":"","overlay-opacity":"","overlay-gradient":""},"mobile":{"background-color":"var(--ast-global-color-4)","background-image":"","background-repeat":"repeat","background-position":"center center","background-size":"auto","background-attachment":"scroll","background-type":"","background-media":"","overlay-type":"","overlay-color":"","overlay-opacity":"","overlay-gradient":""}}},"product_brand":[],"product_cat":[29],"product_tag":[],"class_list":{"0":"post-1295","1":"product","2":"type-product","3":"status-publish","4":"has-post-thumbnail","6":"product_cat-pilates-reformer","7":"desktop-align-left","8":"tablet-align-left","9":"mobile-align-left","11":"first","12":"instock","13":"shipping-taxable","14":"product-type-simple"},"_links":{"self":[{"href":"https:\/\/dzideaseed.com\/fr\/wp-json\/wp\/v2\/product\/1295","targetHints":{"allow":["GET"]}}],"collection":[{"href":"https:\/\/dzideaseed.com\/fr\/wp-json\/wp\/v2\/product"}],"about":[{"href":"https:\/\/dzideaseed.com\/fr\/wp-json\/wp\/v2\/types\/product"}],"replies":[{"embeddable":true,"href":"https:\/\/dzideaseed.com\/fr\/wp-json\/wp\/v2\/comments?post=1295"}],"wp:featuredmedia":[{"embeddable":true,"href":"https:\/\/dzideaseed.com\/fr\/wp-json\/wp\/v2\/media\/1296"}],"wp:attachment":[{"href":"https:\/\/dzideaseed.com\/fr\/wp-json\/wp\/v2\/media?parent=1295"}],"wp:term":[{"taxonomy":"product_brand","embeddable":true,"href":"https:\/\/dzideaseed.com\/fr\/wp-json\/wp\/v2\/product_brand?post=1295"},{"taxonomy":"product_cat","embeddable":true,"href":"https:\/\/dzideaseed.com\/fr\/wp-json\/wp\/v2\/product_cat?post=1295"},{"taxonomy":"product_tag","embeddable":true,"href":"https:\/\/dzideaseed.com\/fr\/wp-json\/wp\/v2\/product_tag?post=1295"}],"curies":[{"name":"wp","href":"https:\/\/api.w.org\/{rel}","templated":true}]}}