{"id":605,"date":"2025-01-10T19:31:08","date_gmt":"2025-01-10T11:31:08","guid":{"rendered":"https:\/\/dzideaseed.com\/?post_type=product&#038;p=605"},"modified":"2025-04-10T07:47:18","modified_gmt":"2025-04-09T23:47:18","slug":"two-way-sliding-ladder-pilates-bed-nh-pm014","status":"publish","type":"product","link":"https:\/\/dzideaseed.com\/es\/producto\/two-way-sliding-ladder-pilates-bed-nh-pm014\/","title":{"rendered":"Cama de Pilates con Escalera Deslizante NH-PM014"},"content":{"rendered":"<table>\n<tbody>\n<tr>\n<td width=\"160\"><strong>Presentaci\u00f3n del producto<\/strong><\/td>\n<td width=\"484\">Esta Cama de Pilates con Escalera Deslizante de Dos V\u00edas (NH-PM014) es un equipo de fitness muy adecuado para los amantes del ejercicio de Pilates, ya que combina carro y escalera. Integra las funciones de ambos, para que sus usuarios puedan lograr un ejercicio m\u00e1s completo. En Idea Seed Pilates tenemos el equipo adecuado para usted.<\/td>\n<\/tr>\n<tr>\n<td width=\"160\"><strong>Par\u00e1metros del producto<\/strong><\/td>\n<td width=\"484\">N\u00famero de modelo:NH-PM014<br \/>\nNombre del producto:Cama de pilates con escalera corredera de dos v\u00edas<br \/>\nLugar de origen: China<br \/>\nMarca:Idea Seed<br \/>\nMaterial:Madera Elaboraci\u00f3n: 2220*730*750mm<br \/>\nTama\u00f1o del paquete: 2330*700*330 mm<br \/>\nEmbalaje:Embalaje de madera<br \/>\nPeso: 150 kg<br \/>\nColor del cuero:Personalizable<br \/>\nMOQ:1<br \/>\nTiempo de garant\u00eda:Tres a\u00f1os<br \/>\nCertificado:CE,ISO<br \/>\nC\u00f3digo SA:9506911900<br \/>\nPersonalizaci\u00f3n:Asistencia<\/td>\n<\/tr>\n<tr>\n<td width=\"160\"><strong>Ventajas y caracter\u00edsticas del producto<\/strong><\/td>\n<td width=\"484\">\u25cfMarco de madera bonito y duradero. El marco ha sido finamente pulido y tiene una superficie lisa.<br \/>\n\u25cfAlta densidad, sin empalmes, m\u00e1s resistente, m\u00e1s duradero.<br \/>\n\u25cfSimple, ligero y elegante.<br \/>\n\u25cfCombina el doble movimiento del carro y la escalera.<\/td>\n<\/tr>\n<tr>\n<td width=\"160\"><strong>Incluye<\/strong><\/td>\n<td width=\"484\">\u25cfEscalera firme+marco inferior b\u00e1sico.<br \/>\n\u25cf Un par de asas y correas.<br \/>\nAlmohadillas para los pies.<br \/>\n\u25cfDos orugas y dos carros (sistema integral con 6 conjuntos de tubos de resistencia).<br \/>\n\u25cfDos tapones de carro.<br \/>\n\u25cfSimple herramienta de montaje.<\/td>\n<\/tr>\n<tr>\n<td width=\"160\"><strong>Servicio posventa<\/strong><\/td>\n<td width=\"484\">1. La estructura de la m\u00e1quina tiene 10 a\u00f1os de garant\u00eda. Para otras piezas, tiempo de garant\u00eda de 3 a\u00f1os.<br \/>\n2. Despu\u00e9s de conseguir la m\u00e1quina, tiene v\u00eddeo de instalaci\u00f3n y las instrucciones de instalaci\u00f3n.<br \/>\n3. Mientras la tierra gire, nuestro servicio estar\u00e1 en l\u00ednea todo el tiempo.<\/td>\n<\/tr>\n<tr>\n<td width=\"160\"><strong>PREGUNTAS FRECUENTES<\/strong><\/td>\n<td width=\"484\">P1: \u00bfCu\u00e1l es la fecha de entrega?<br \/>\nA1: Se tarda unos 3-5 d\u00edas laborables despu\u00e9s del pago.<\/p>\n<p>P2: \u00bfCu\u00e1l es la cantidad m\u00ednima de pedido?<br \/>\nA2: Soporte de un juego.<\/p>\n<p>P3: \u00bfQu\u00e9 condiciones comerciales apoya?<br \/>\nA3: FOB, CIF y DDP, todos compatibles.<\/p>\n<p>P4: \u00bfQu\u00e9 m\u00e9todos de pago admiten?<br \/>\nA4: TT, LC, tarjeta de cr\u00e9dito y Paypal todo el apoyo.<\/p>\n<p>P5: \u00bfDisponen de instrucciones de instalaci\u00f3n?<br \/>\nR5: S\u00ed. Disponemos de instrucciones de instalaci\u00f3n, que pueden ayudarle a montar el equipo. Si sigue teniendo problemas con la instalaci\u00f3n, podemos grabar v\u00eddeos para usted.<\/td>\n<\/tr>\n<\/tbody>\n<\/table>","protected":false},"excerpt":{"rendered":"<p>Product Introduction This Two-Way Sliding Ladder Pilates Bed (NH-PM014) is a very suitable fitness equipment for lovers of Pilates exercise, [&hellip;]<\/p>\n","protected":false},"featured_media":606,"comment_status":"open","ping_status":"closed","template":"","meta":{"site-sidebar-layout":"default","site-content-layout":"","ast-site-content-layout":"default","site-content-style":"default","site-sidebar-style":"default","ast-global-header-display":"","ast-banner-title-visibility":"","ast-main-header-display":"","ast-hfb-above-header-display":"","ast-hfb-below-header-display":"","ast-hfb-mobile-header-display":"","site-post-title":"","ast-breadcrumbs-content":"","ast-featured-img":"","footer-sml-layout":"","ast-disable-related-posts":"","theme-transparent-header-meta":"default","adv-header-id-meta":"","stick-header-meta":"","header-above-stick-meta":"","header-main-stick-meta":"","header-below-stick-meta":"","astra-migrate-meta-layouts":"set","ast-page-background-enabled":"default","ast-page-background-meta":{"desktop":{"background-color":"var(--ast-global-color-5)","background-image":"","background-repeat":"repeat","background-position":"center center","background-size":"auto","background-attachment":"scroll","background-type":"","background-media":"","overlay-type":"","overlay-color":"","overlay-opacity":"","overlay-gradient":""},"tablet":{"background-color":"","background-image":"","background-repeat":"repeat","background-position":"center center","background-size":"auto","background-attachment":"scroll","background-type":"","background-media":"","overlay-type":"","overlay-color":"","overlay-opacity":"","overlay-gradient":""},"mobile":{"background-color":"","background-image":"","background-repeat":"repeat","background-position":"center center","background-size":"auto","background-attachment":"scroll","background-type":"","background-media":"","overlay-type":"","overlay-color":"","overlay-opacity":"","overlay-gradient":""}},"ast-content-background-meta":{"desktop":{"background-color":"var(--ast-global-color-4)","background-image":"","background-repeat":"repeat","background-position":"center center","background-size":"auto","background-attachment":"scroll","background-type":"","background-media":"","overlay-type":"","overlay-color":"","overlay-opacity":"","overlay-gradient":""},"tablet":{"background-color":"var(--ast-global-color-4)","background-image":"","background-repeat":"repeat","background-position":"center center","background-size":"auto","background-attachment":"scroll","background-type":"","background-media":"","overlay-type":"","overlay-color":"","overlay-opacity":"","overlay-gradient":""},"mobile":{"background-color":"var(--ast-global-color-4)","background-image":"","background-repeat":"repeat","background-position":"center center","background-size":"auto","background-attachment":"scroll","background-type":"","background-media":"","overlay-type":"","overlay-color":"","overlay-opacity":"","overlay-gradient":""}}},"product_brand":[],"product_cat":[34],"product_tag":[],"class_list":{"0":"post-605","1":"product","2":"type-product","3":"status-publish","4":"has-post-thumbnail","6":"product_cat-two-way-sliding-ladder-pilates-bed","7":"desktop-align-left","8":"tablet-align-left","9":"mobile-align-left","11":"first","12":"instock","13":"shipping-taxable","14":"product-type-simple"},"_links":{"self":[{"href":"https:\/\/dzideaseed.com\/es\/wp-json\/wp\/v2\/product\/605","targetHints":{"allow":["GET"]}}],"collection":[{"href":"https:\/\/dzideaseed.com\/es\/wp-json\/wp\/v2\/product"}],"about":[{"href":"https:\/\/dzideaseed.com\/es\/wp-json\/wp\/v2\/types\/product"}],"replies":[{"embeddable":true,"href":"https:\/\/dzideaseed.com\/es\/wp-json\/wp\/v2\/comments?post=605"}],"wp:featuredmedia":[{"embeddable":true,"href":"https:\/\/dzideaseed.com\/es\/wp-json\/wp\/v2\/media\/606"}],"wp:attachment":[{"href":"https:\/\/dzideaseed.com\/es\/wp-json\/wp\/v2\/media?parent=605"}],"wp:term":[{"taxonomy":"product_brand","embeddable":true,"href":"https:\/\/dzideaseed.com\/es\/wp-json\/wp\/v2\/product_brand?post=605"},{"taxonomy":"product_cat","embeddable":true,"href":"https:\/\/dzideaseed.com\/es\/wp-json\/wp\/v2\/product_cat?post=605"},{"taxonomy":"product_tag","embeddable":true,"href":"https:\/\/dzideaseed.com\/es\/wp-json\/wp\/v2\/product_tag?post=605"}],"curies":[{"name":"wp","href":"https:\/\/api.w.org\/{rel}","templated":true}]}}