{"id":545,"date":"2025-01-10T16:31:18","date_gmt":"2025-01-10T08:31:18","guid":{"rendered":"https:\/\/dzideaseed.com\/?post_type=product&#038;p=545"},"modified":"2025-04-10T07:52:02","modified_gmt":"2025-04-09T23:52:02","slug":"wood-pilates-reformer-with-full-tower-nh-pm017","status":"publish","type":"product","link":"https:\/\/dzideaseed.com\/es\/producto\/wood-pilates-reformer-with-full-tower-nh-pm017\/","title":{"rendered":"Reformer de Pilates de madera con torre completa NH-PM017"},"content":{"rendered":"<table>\n<tbody>\n<tr>\n<td width=\"160\"><strong>Presentaci\u00f3n del producto<\/strong><\/td>\n<td width=\"484\">Este reformador de Pilates de madera con torre completa\uff08NH-PM017) utiliza la estructura del reformador b\u00e1sico y el trapecio completo. Que es uno de los equipos especializados m\u00e1s utilizados en el entrenamiento de Pilates para estudio y uso en el hogar. Esto le permite acomodar a personas de pr\u00e1cticamente diferente altura y nivel de habilidad, incluyendo ni\u00f1os. Utilizado por los m\u00e9dicos en la pr\u00e1ctica privada, centros de rehabilitaci\u00f3n y en todo el mundo, nuestro reformador de Pilates proporciona un rendimiento superior bajo los rigores del uso diario de rehabilitaci\u00f3n. Idea Seed Pilates equipment tiene el reformador de Pilates adecuado para usted.<\/td>\n<\/tr>\n<tr>\n<td width=\"160\"><strong>Par\u00e1metros del producto<\/strong><\/td>\n<td width=\"484\">N\u00famero de modelo: NH-PM017<br \/>\nNombre del producto:Reformador de Pilates con torre completa<br \/>\nLugar de origen: China<br \/>\nMarca:Idea Seed<br \/>\nMaterial: Madera<br \/>\nTrabajo: 2300*685*2050mm<br \/>\nTama\u00f1o del paquete: 2360*840*745 mm<br \/>\nEmbalaje:Embalaje de madera<br \/>\nPeso: 210 kg<br \/>\nPiel Color: Personalizable<br \/>\nMOQ:1<br \/>\nTiempo de garant\u00eda:Tres a\u00f1os<br \/>\nTiempo de producci\u00f3n:5 d\u00edas laborables<br \/>\nCertificado:CE,ISO<br \/>\nC\u00f3digo SA:9506911900<br \/>\nPersonalizaci\u00f3n:Asistencia<\/td>\n<\/tr>\n<tr>\n<td width=\"160\"><strong>Ventajas y caracter\u00edsticas del producto<\/strong><\/td>\n<td width=\"484\">\u25cfEs una unidad multitarea \u00fanica en su clase que funciona como plataforma de cama y est\u00e1 equipada con un reformador est\u00e1ndar, un Cadillac virtual y un innovador equipo de Pilates de entrenamiento multiplano y multifuncional con torre completa.<br \/>\nLas poleas de cable pueden ajustarse individualmente en altura.<br \/>\nLas ruedas de f\u00e1cil deslizamiento facilitan el desplazamiento y la recolocaci\u00f3n. El sistema de 8 ruedas cuenta con cuatro ruedas verticales personalizadas para apoyar el carro y cuatro ruedas laterales ajustables para guiar el carro suavemente a lo largo de la pista.<br \/>\n\u25cfLas asas dobles acolchadas y la correa para los pies, asas suaves, de longitud ajustable de forma \u00fanica a medida que el usuario se relaja con el tiempo.<br \/>\n\u25cfLa parte de la mano de la barra de pie es cil\u00edndrica, f\u00e1cil de agarrar, y est\u00e1 cubierta de cuero suave. Puede ajustar m\u00faltiples \u00e1ngulos, y es f\u00e1cil para los usuarios entrenar m\u00faltiples movimientos.<br \/>\n\u25cfCuerdas de escalada duraderas y firmes, y los ajustes de longitud de la cuerda son r\u00e1pidos y sencillos.<br \/>\n\u25cfLa conexi\u00f3n entre muelles y carro puede ajustarse en 3 niveles.<br \/>\n\u25cfTrapeze combinado con el reformador de Pilates para una mayor variedad de movimientos.<\/td>\n<\/tr>\n<tr>\n<td width=\"160\"><strong>Incluye<\/strong><\/td>\n<td width=\"484\">\u25cfArmaz\u00f3n del reformer de madera + Carro+ Torre completa.<br \/>\n\u25cf1 juego de cuerdas de polea, 1 juego de correa de asa, bucles dobles.<br \/>\n\u25cfJumping board.<br \/>\n\u25cfSitting box.<br \/>\nAlmohadillas para los hombros y la cabeza.<br \/>\n\u25cfBarra de pie.<br \/>\n\u25cfSprings\uff08dos piezas rojo, una pieza amarillo, una pieza verde).<br \/>\nPlataforma de pie.<br \/>\nCorrea de algod\u00f3n para el pie.<br \/>\n\u25cfConversi\u00f3n mat.<br \/>\n\u25cfBarra pasante, barra antivuelco.<br \/>\n\u25cfCorrea de seguridad y mosquetones.<br \/>\n\u25cfFuzzies loops.<br \/>\n\u25cfTrapeze stabilitysling.<br \/>\n\u25cfSimple herramienta de montaje.<\/td>\n<\/tr>\n<tr>\n<td width=\"160\"><strong>Servicio posventa<\/strong><\/td>\n<td width=\"484\">1. La estructura de la m\u00e1quina tiene 10 a\u00f1os de garant\u00eda. Para otras piezas, tiempo de garant\u00eda de 3 a\u00f1os.<br \/>\n2. Despu\u00e9s de conseguir la m\u00e1quina, tiene v\u00eddeo de instalaci\u00f3n y las instrucciones de instalaci\u00f3n.<br \/>\n3. Mientras la tierra gire, nuestro servicio estar\u00e1 en l\u00ednea todo el tiempo.<\/td>\n<\/tr>\n<tr>\n<td width=\"160\"><strong>PREGUNTAS FRECUENTES<\/strong><\/td>\n<td width=\"484\">P1: \u00bfCu\u00e1l es la fecha de entrega?<br \/>\nA1: Se tarda unos 3-5 d\u00edas laborables despu\u00e9s del pago.<\/p>\n<p>P2: \u00bfCu\u00e1l es la cantidad m\u00ednima de pedido?<br \/>\nA2: Soporte de un juego.<\/p>\n<p>P3: \u00bfQu\u00e9 condiciones comerciales apoya?<br \/>\nA3: FOB, CIF y DDP, todos compatibles.<\/p>\n<p>P4: \u00bfQu\u00e9 m\u00e9todos de pago admiten?<br \/>\nA4: TT, LC, tarjeta de cr\u00e9dito y Paypal todo el apoyo.<\/p>\n<p>P5: \u00bfDisponen de instrucciones de instalaci\u00f3n?<br \/>\nR5: S\u00ed. Disponemos de instrucciones de instalaci\u00f3n, que pueden ayudarle a montar el equipo. Si sigue teniendo problemas con la instalaci\u00f3n, podemos grabar v\u00eddeos para usted.<\/td>\n<\/tr>\n<\/tbody>\n<\/table>","protected":false},"excerpt":{"rendered":"<p>Product Introduction This wood Pilates reformer with full tower\uff08NH-PM017) uses the structure of basic reformer and full trapeze. Which is [&hellip;]<\/p>\n","protected":false},"featured_media":546,"comment_status":"open","ping_status":"closed","template":"","meta":{"site-sidebar-layout":"default","site-content-layout":"","ast-site-content-layout":"default","site-content-style":"default","site-sidebar-style":"default","ast-global-header-display":"","ast-banner-title-visibility":"","ast-main-header-display":"","ast-hfb-above-header-display":"","ast-hfb-below-header-display":"","ast-hfb-mobile-header-display":"","site-post-title":"","ast-breadcrumbs-content":"","ast-featured-img":"","footer-sml-layout":"","ast-disable-related-posts":"","theme-transparent-header-meta":"default","adv-header-id-meta":"","stick-header-meta":"","header-above-stick-meta":"","header-main-stick-meta":"","header-below-stick-meta":"","astra-migrate-meta-layouts":"set","ast-page-background-enabled":"default","ast-page-background-meta":{"desktop":{"background-color":"var(--ast-global-color-5)","background-image":"","background-repeat":"repeat","background-position":"center center","background-size":"auto","background-attachment":"scroll","background-type":"","background-media":"","overlay-type":"","overlay-color":"","overlay-opacity":"","overlay-gradient":""},"tablet":{"background-color":"","background-image":"","background-repeat":"repeat","background-position":"center center","background-size":"auto","background-attachment":"scroll","background-type":"","background-media":"","overlay-type":"","overlay-color":"","overlay-opacity":"","overlay-gradient":""},"mobile":{"background-color":"","background-image":"","background-repeat":"repeat","background-position":"center center","background-size":"auto","background-attachment":"scroll","background-type":"","background-media":"","overlay-type":"","overlay-color":"","overlay-opacity":"","overlay-gradient":""}},"ast-content-background-meta":{"desktop":{"background-color":"var(--ast-global-color-4)","background-image":"","background-repeat":"repeat","background-position":"center center","background-size":"auto","background-attachment":"scroll","background-type":"","background-media":"","overlay-type":"","overlay-color":"","overlay-opacity":"","overlay-gradient":""},"tablet":{"background-color":"var(--ast-global-color-4)","background-image":"","background-repeat":"repeat","background-position":"center center","background-size":"auto","background-attachment":"scroll","background-type":"","background-media":"","overlay-type":"","overlay-color":"","overlay-opacity":"","overlay-gradient":""},"mobile":{"background-color":"var(--ast-global-color-4)","background-image":"","background-repeat":"repeat","background-position":"center center","background-size":"auto","background-attachment":"scroll","background-type":"","background-media":"","overlay-type":"","overlay-color":"","overlay-opacity":"","overlay-gradient":""}}},"product_brand":[],"product_cat":[30],"product_tag":[],"class_list":{"0":"post-545","1":"product","2":"type-product","3":"status-publish","4":"has-post-thumbnail","6":"product_cat-pilates-reformer-with-full-tower","7":"desktop-align-left","8":"tablet-align-left","9":"mobile-align-left","11":"first","12":"instock","13":"shipping-taxable","14":"product-type-simple"},"_links":{"self":[{"href":"https:\/\/dzideaseed.com\/es\/wp-json\/wp\/v2\/product\/545","targetHints":{"allow":["GET"]}}],"collection":[{"href":"https:\/\/dzideaseed.com\/es\/wp-json\/wp\/v2\/product"}],"about":[{"href":"https:\/\/dzideaseed.com\/es\/wp-json\/wp\/v2\/types\/product"}],"replies":[{"embeddable":true,"href":"https:\/\/dzideaseed.com\/es\/wp-json\/wp\/v2\/comments?post=545"}],"wp:featuredmedia":[{"embeddable":true,"href":"https:\/\/dzideaseed.com\/es\/wp-json\/wp\/v2\/media\/546"}],"wp:attachment":[{"href":"https:\/\/dzideaseed.com\/es\/wp-json\/wp\/v2\/media?parent=545"}],"wp:term":[{"taxonomy":"product_brand","embeddable":true,"href":"https:\/\/dzideaseed.com\/es\/wp-json\/wp\/v2\/product_brand?post=545"},{"taxonomy":"product_cat","embeddable":true,"href":"https:\/\/dzideaseed.com\/es\/wp-json\/wp\/v2\/product_cat?post=545"},{"taxonomy":"product_tag","embeddable":true,"href":"https:\/\/dzideaseed.com\/es\/wp-json\/wp\/v2\/product_tag?post=545"}],"curies":[{"name":"wp","href":"https:\/\/api.w.org\/{rel}","templated":true}]}}