{"id":511,"date":"2025-01-10T15:47:30","date_gmt":"2025-01-10T07:47:30","guid":{"rendered":"https:\/\/dzideaseed.com\/?post_type=product&#038;p=511"},"modified":"2025-04-10T07:54:24","modified_gmt":"2025-04-09T23:54:24","slug":"wood-pilates-reformer-nh-pm002m","status":"publish","type":"product","link":"https:\/\/dzideaseed.com\/es\/producto\/wood-pilates-reformer-nh-pm002m\/","title":{"rendered":"Reformer Pilates de madera NH-PM002M"},"content":{"rendered":"<table style=\"border-collapse: collapse;\" border=\"0\" width=\"644\" cellspacing=\"0\" cellpadding=\"0\">\n<tbody>\n<tr style=\"height: 148.00pt;\">\n<td class=\"et4\" style=\"height: 148.00pt; width: 120.00pt;\" width=\"160\" height=\"197\"><strong>Presentaci\u00f3n del producto<\/strong><\/td>\n<td class=\"et5\" style=\"width: 363.25pt;\" width=\"484\">El reformador de Pilates de madera\uff08NH-PM002M) ofrece una amplia gama de ejercicios que se pueden utilizar para una variedad de necesidades de ejercicio y se pueden adaptar al tama\u00f1o y las limitaciones del paciente. En el reformador de Pilates se pueden realizar desde ejercicios b\u00e1sicos hasta los m\u00e1s avanzados, pasando por diversas posturas (supina, prona, sentada, de rodillas y de pie). Con la ayuda de la tabla de salto, puede incluso realizar ejercicios cardiovasculares y pliom\u00e9tricos en el reformer. Idea Seed Pilates Equipment tiene el reformer de Pilates adecuado para usted.<\/td>\n<\/tr>\n<tr style=\"height: 247.00pt;\">\n<td class=\"et4\" style=\"height: 247.00pt; width: 120.00pt;\" width=\"160\" height=\"329\"><strong>Par\u00e1metros del producto<\/strong><\/td>\n<td class=\"et5\" style=\"width: 363.25pt;\" width=\"484\">N\u00famero de modelo:NH-PM002M<br \/>\nNombre del producto:Reformador de Pilates<br \/>\nLugar de origen: China<br \/>\nMarca:Idea Seed<br \/>\nMaterial: Madera de arce<br \/>\nTama\u00f1o: 2330*730*675mm<br \/>\nTama\u00f1o del embalaje: 2420*750*500 mm<br \/>\nEmbalaje:Embalaje de madera<br \/>\nPeso:120kgs<br \/>\nColor del cuero:Personalizable<br \/>\nMOQ:1<br \/>\nTiempo de garant\u00eda:Tres a\u00f1os<br \/>\nCertificado:CE,ISO<br \/>\nC\u00f3digo SA:9506911900<br \/>\nPersonalizaci\u00f3n:Asistencia<\/td>\n<\/tr>\n<tr style=\"height: 341.00pt;\">\n<td class=\"et4\" style=\"height: 341.00pt; width: 120.00pt;\" width=\"160\" height=\"454\"><strong>Ventajas y caracter\u00edsticas del producto<\/strong><\/td>\n<td class=\"et5\" style=\"width: 363.25pt;\" width=\"484\">\u25cfLa caja de asiento se adoptan nuevo proceso de fabricaci\u00f3n, marco seguro y firme. La parte superior de la caja se rellena con un material suave y envuelto con cuero del mismo material que el carro. Hay tres tama\u00f1os disponibles.<br \/>\nLas poleas de cable pueden ajustarse individualmente en altura.<br \/>\nLas ruedas de f\u00e1cil deslizamiento facilitan el desplazamiento y la recolocaci\u00f3n. El sistema de 8 ruedas cuenta con cuatro ruedas verticales personalizadas para apoyar el carro y cuatro ruedas laterales ajustables para guiar el carro suavemente a lo largo de la pista.<br \/>\n\u25cfLas asas dobles acolchadas y la correa para los pies, asas suaves, de longitud ajustable de forma \u00fanica a medida que el usuario se relaja con el tiempo.<br \/>\n\u25cfLa parte de la mano de la barra de pie es cil\u00edndrica, f\u00e1cil de agarrar, y est\u00e1 cubierta de cuero suave. Puede ajustar m\u00faltiples \u00e1ngulos, y es f\u00e1cil para los usuarios entrenar m\u00faltiples movimientos.<br \/>\n\u25cfCuerdas de escalada duraderas y firmes, y los ajustes de longitud de la cuerda son r\u00e1pidos y sencillos.<br \/>\n\u25cfLa conexi\u00f3n entre muelles y carro puede ajustarse en 3 niveles.<br \/>\n\u25cfLa unidad de tope de los carros para la cama ajustable en diferentes posiciones.<\/td>\n<\/tr>\n<tr style=\"height: 192.00pt;\">\n<td class=\"et4\" style=\"height: 192.00pt; width: 120.00pt;\" width=\"160\" height=\"256\"><strong>Incluye<\/strong><\/td>\n<td class=\"et5\" style=\"width: 363.25pt;\" width=\"484\"><span class=\"font2\">\u25cfArmaz\u00f3n del reformer de madera + Carro.<br \/>\n\u25cf1 juego de cuerdas de polea, 1 juego de correa de asa, bucles dobles.<br \/>\n<\/span><span class=\"font1\">\u25cf<\/span><span class=\"font2\">Tabla de salto.<br \/>\n\u25cfSitting box.<br \/>\nAlmohadillas para los hombros y la cabeza.<br \/>\n\u25cfBarra de pie.<br \/>\nMuelles (uno rojo, dos verdes y dos amarillos).<br \/>\nPlataforma de pie.<br \/>\nCorrea de algod\u00f3n para el pie.<br \/>\n\u25cfConversi\u00f3n mat.<br \/>\n\u25cfSimple herramienta de montaje.<\/span><\/td>\n<\/tr>\n<tr style=\"height: 101.00pt;\">\n<td class=\"et4\" style=\"height: 101.00pt; width: 120.00pt;\" width=\"160\" height=\"134\"><strong>Servicio posventa<\/strong><\/td>\n<td class=\"et5\" style=\"width: 363.25pt;\" width=\"484\">1. La estructura de la m\u00e1quina tiene 10 a\u00f1os de garant\u00eda. Para otras piezas, tiempo de garant\u00eda de 3 a\u00f1os.<br \/>\n2. Despu\u00e9s de conseguir la m\u00e1quina, tiene v\u00eddeo de instalaci\u00f3n y las instrucciones de instalaci\u00f3n.<br \/>\n3. Mientras la tierra gire, nuestro servicio estar\u00e1 en l\u00ednea todo el tiempo.<\/td>\n<\/tr>\n<tr style=\"height: 279.00pt;\">\n<td class=\"et4\" style=\"height: 279.00pt; width: 120.00pt;\" width=\"160\" height=\"372\"><strong>PREGUNTAS FRECUENTES<\/strong><\/td>\n<td class=\"et5\" style=\"width: 363.25pt;\" width=\"484\">P1: \u00bfCu\u00e1l es la fecha de entrega?<br \/>\nA1: Se tarda unos 3-5 d\u00edas laborables despu\u00e9s del pago.<\/p>\n<p>P2: \u00bfCu\u00e1l es la cantidad m\u00ednima de pedido?<br \/>\nA2: Soporte de un juego.<\/p>\n<p>P3: \u00bfQu\u00e9 condiciones comerciales apoya?<br \/>\nA3: FOB, CIF y DDP, todos compatibles.<\/p>\n<p>P4: \u00bfQu\u00e9 m\u00e9todos de pago admiten?<br \/>\nA4: TT, LC, tarjeta de cr\u00e9dito y Paypal todo el apoyo.<\/p>\n<p>P5: \u00bfDisponen de instrucciones de instalaci\u00f3n?<br \/>\nR5: S\u00ed. Disponemos de instrucciones de instalaci\u00f3n, que pueden ayudarle a montar el equipo. Si sigue teniendo problemas con la instalaci\u00f3n, podemos grabar v\u00eddeos para usted.<\/td>\n<\/tr>\n<\/tbody>\n<\/table>","protected":false},"excerpt":{"rendered":"<p>Product Introduction The wood Pilates reformer\uff08NH-PM002M) offers a wide range of exercises that can be used for a variety of [&hellip;]<\/p>\n","protected":false},"featured_media":515,"comment_status":"open","ping_status":"closed","template":"","meta":{"site-sidebar-layout":"default","site-content-layout":"","ast-site-content-layout":"default","site-content-style":"default","site-sidebar-style":"default","ast-global-header-display":"","ast-banner-title-visibility":"","ast-main-header-display":"","ast-hfb-above-header-display":"","ast-hfb-below-header-display":"","ast-hfb-mobile-header-display":"","site-post-title":"","ast-breadcrumbs-content":"","ast-featured-img":"","footer-sml-layout":"","ast-disable-related-posts":"","theme-transparent-header-meta":"default","adv-header-id-meta":"","stick-header-meta":"","header-above-stick-meta":"","header-main-stick-meta":"","header-below-stick-meta":"","astra-migrate-meta-layouts":"set","ast-page-background-enabled":"default","ast-page-background-meta":{"desktop":{"background-color":"var(--ast-global-color-5)","background-image":"","background-repeat":"repeat","background-position":"center center","background-size":"auto","background-attachment":"scroll","background-type":"","background-media":"","overlay-type":"","overlay-color":"","overlay-opacity":"","overlay-gradient":""},"tablet":{"background-color":"","background-image":"","background-repeat":"repeat","background-position":"center center","background-size":"auto","background-attachment":"scroll","background-type":"","background-media":"","overlay-type":"","overlay-color":"","overlay-opacity":"","overlay-gradient":""},"mobile":{"background-color":"","background-image":"","background-repeat":"repeat","background-position":"center center","background-size":"auto","background-attachment":"scroll","background-type":"","background-media":"","overlay-type":"","overlay-color":"","overlay-opacity":"","overlay-gradient":""}},"ast-content-background-meta":{"desktop":{"background-color":"var(--ast-global-color-4)","background-image":"","background-repeat":"repeat","background-position":"center center","background-size":"auto","background-attachment":"scroll","background-type":"","background-media":"","overlay-type":"","overlay-color":"","overlay-opacity":"","overlay-gradient":""},"tablet":{"background-color":"var(--ast-global-color-4)","background-image":"","background-repeat":"repeat","background-position":"center center","background-size":"auto","background-attachment":"scroll","background-type":"","background-media":"","overlay-type":"","overlay-color":"","overlay-opacity":"","overlay-gradient":""},"mobile":{"background-color":"var(--ast-global-color-4)","background-image":"","background-repeat":"repeat","background-position":"center center","background-size":"auto","background-attachment":"scroll","background-type":"","background-media":"","overlay-type":"","overlay-color":"","overlay-opacity":"","overlay-gradient":""}}},"product_brand":[],"product_cat":[29],"product_tag":[],"class_list":{"0":"post-511","1":"product","2":"type-product","3":"status-publish","4":"has-post-thumbnail","6":"product_cat-pilates-reformer","7":"desktop-align-left","8":"tablet-align-left","9":"mobile-align-left","11":"first","12":"instock","13":"shipping-taxable","14":"product-type-simple"},"_links":{"self":[{"href":"https:\/\/dzideaseed.com\/es\/wp-json\/wp\/v2\/product\/511","targetHints":{"allow":["GET"]}}],"collection":[{"href":"https:\/\/dzideaseed.com\/es\/wp-json\/wp\/v2\/product"}],"about":[{"href":"https:\/\/dzideaseed.com\/es\/wp-json\/wp\/v2\/types\/product"}],"replies":[{"embeddable":true,"href":"https:\/\/dzideaseed.com\/es\/wp-json\/wp\/v2\/comments?post=511"}],"wp:featuredmedia":[{"embeddable":true,"href":"https:\/\/dzideaseed.com\/es\/wp-json\/wp\/v2\/media\/515"}],"wp:attachment":[{"href":"https:\/\/dzideaseed.com\/es\/wp-json\/wp\/v2\/media?parent=511"}],"wp:term":[{"taxonomy":"product_brand","embeddable":true,"href":"https:\/\/dzideaseed.com\/es\/wp-json\/wp\/v2\/product_brand?post=511"},{"taxonomy":"product_cat","embeddable":true,"href":"https:\/\/dzideaseed.com\/es\/wp-json\/wp\/v2\/product_cat?post=511"},{"taxonomy":"product_tag","embeddable":true,"href":"https:\/\/dzideaseed.com\/es\/wp-json\/wp\/v2\/product_tag?post=511"}],"curies":[{"name":"wp","href":"https:\/\/api.w.org\/{rel}","templated":true}]}}