{"id":450,"date":"2025-01-10T14:50:58","date_gmt":"2025-01-10T06:50:58","guid":{"rendered":"https:\/\/dzideaseed.com\/?post_type=product&#038;p=450"},"modified":"2025-04-10T07:58:31","modified_gmt":"2025-04-09T23:58:31","slug":"aluminum-pilates-reformer-nh-pm003b","status":"publish","type":"product","link":"https:\/\/dzideaseed.com\/es\/producto\/aluminum-pilates-reformer-nh-pm003b\/","title":{"rendered":"Reformer de Pilates de aluminio NH-PM003B"},"content":{"rendered":"<table width=\"644\">\n<tbody>\n<tr>\n<td width=\"160\"><strong>Presentaci\u00f3n del producto<\/strong><\/td>\n<td width=\"484\">El reformador de Pilates de aluminio\uff08NH-PM003B) es una combinaci\u00f3n de ejercicios en colchoneta y ejercicios en m\u00e1quina de fuerza, que puede utilizarse tanto para el entrenamiento muscular de todo el cuerpo como para el entrenamiento de p\u00e9rdida de grasa. El reformador de Pilates permite a las personas mejorar la percepci\u00f3n nerviosa propioceptiva durante el entrenamiento, fortalecer el entrenamiento muscular profundo y la estabilidad del tronco, mejorar la flexibilidad, mejorar la fuerza muscular y mejorar el control y la estabilidad del tronco, el equilibrio y la coordinaci\u00f3n.Lo m\u00e1s importante es que se puede utilizar para el entrenamiento de rehabilitaci\u00f3n postural, que puede ayudar a aliviar el dolor y la presi\u00f3n lumbar y mejorar el rendimiento deportivo. Idea Seed Pilates equipment tiene el reformador de Pilates adecuado para usted.<\/td>\n<\/tr>\n<tr>\n<td width=\"160\"><strong>Par\u00e1metros del producto<\/strong><\/td>\n<td width=\"484\">N\u00famero de modelo:NH-PM003B<br \/>\nNombre del producto:Reformador de Pilates<br \/>\nLugar de origen: China<br \/>\nMarca:Idea Seed<br \/>\nMaterial:Aluminio<br \/>\nTama\u00f1o: 2560*740*1050mm<br \/>\nTama\u00f1o del paquete: 2625*820*620 mm<br \/>\nEmbalaje:Embalaje de madera<br \/>\nPeso:110kgs<br \/>\nColor del cuero:Personalizable<br \/>\nMOQ:1<br \/>\nTiempo de garant\u00eda:Tres a\u00f1os<br \/>\nCertificado:CE,ISO<br \/>\nC\u00f3digo SA:9506911900<br \/>\nPersonalizaci\u00f3n:Asistencia<\/td>\n<\/tr>\n<tr>\n<td width=\"160\"><strong>Ventajas y caracter\u00edsticas del producto<\/strong><\/td>\n<td width=\"484\">\u25cfPiezas de aluminio anodizado para reducir la fricci\u00f3n, evitar la oxidaci\u00f3n, marco estructural extremadamente duradero y muy firme.<br \/>\nOfrece funciones est\u00e1ndar de reformer que aumentan la amplitud de movimiento, lo que lo convierte en la herramienta ideal para ejercicios de Pilates, rehabilitaci\u00f3n y entrenamiento cruzado.<br \/>\n\u25cfLas poleas giratorias que permiten \u00e1ngulos variables de resistencia -las cuerdas se pueden tirar f\u00e1cilmente en cualquier direcci\u00f3n. Las poleas se pueden ajustar diferentes alturas en la barra de poleas.<br \/>\n\u25cfEl reposacabezas extra\u00edble proporciona apoyo para el cuello en diferentes posiciones. Y las hombreras personalizadas son c\u00f3modas, estables y duraderas.<br \/>\n\u25cfEl resorte utiliza excelente alambre de piano importado de Corea y Alemania, diferentes colores tienen diferentes fuerzas, los clientes pueden personalizar diferentes fuerzas del resorte, y asegurar que los usuarios puedan repetir movimientos constantemente.<br \/>\n\u25cfLa caja de asiento se adoptan nuevo proceso de fabricaci\u00f3n, marco seguro y firme. La parte superior de la caja se rellena con un material suave y envuelto con cuero del mismo material que el carro. Hay tres tama\u00f1os disponibles.<\/td>\n<\/tr>\n<tr>\n<td width=\"160\"><strong>Incluye<\/strong><\/td>\n<td width=\"484\">\u25cfArmaz\u00f3n del reformer de aluminio + Carro.<br \/>\n\u25cf1 juego de cuerdas de polea, 1 juego de correa de asa, bucles dobles.<br \/>\n\u25cfJumping board.<br \/>\n\u25cfSitting box.<br \/>\nAlmohadillas para los hombros y la cabeza.<br \/>\n\u25cfBarra de pie.<br \/>\nMuelles (tres rojos, uno azul y uno blanco).<br \/>\nPlataforma de pie.<br \/>\nCorrea de algod\u00f3n para el pie.<br \/>\n\u25cfConversi\u00f3n mat.<br \/>\n\u25cfSimple herramienta de montaje.<\/td>\n<\/tr>\n<tr>\n<td width=\"160\"><strong>Servicio posventa<\/strong><\/td>\n<td width=\"484\">1. La estructura de la m\u00e1quina tiene 10 a\u00f1os de garant\u00eda. Para otras piezas, tiempo de garant\u00eda de 3 a\u00f1os.<br \/>\n2. Despu\u00e9s de conseguir la m\u00e1quina, tiene v\u00eddeo de instalaci\u00f3n y las instrucciones de instalaci\u00f3n.<br \/>\n3. Mientras la tierra gire, nuestro servicio estar\u00e1 en l\u00ednea todo el tiempo.<\/td>\n<\/tr>\n<tr>\n<td width=\"160\"><strong>PREGUNTAS FRECUENTES<\/strong><\/td>\n<td width=\"484\">P1: \u00bfCu\u00e1l es la fecha de entrega?<br \/>\nA1: Se tarda unos 3-5 d\u00edas laborables despu\u00e9s del pago.<\/p>\n<p>P2: \u00bfCu\u00e1l es la cantidad m\u00ednima de pedido?<br \/>\nA2: Soporte de un juego.<\/p>\n<p>P3: \u00bfQu\u00e9 condiciones comerciales apoya?<br \/>\nA3: FOB, CIF y DDP, todos compatibles.<\/p>\n<p>P4: \u00bfQu\u00e9 m\u00e9todos de pago admiten?<br \/>\nA4: TT, LC, tarjeta de cr\u00e9dito y Paypal todo el apoyo.<\/p>\n<p>P5: \u00bfDisponen de instrucciones de instalaci\u00f3n?<br \/>\nR5: S\u00ed. Disponemos de instrucciones de instalaci\u00f3n, que pueden ayudarle a montar el equipo. Si sigue teniendo problemas con la instalaci\u00f3n, podemos grabar v\u00eddeos para usted.<\/td>\n<\/tr>\n<\/tbody>\n<\/table>","protected":false},"excerpt":{"rendered":"<p>Product Introduction The aluminum Pilates reformer\uff08NH-PM003B) is a combination of mat exercises and strength machine exercises, which can be used [&hellip;]<\/p>\n","protected":false},"featured_media":452,"comment_status":"open","ping_status":"closed","template":"","meta":{"site-sidebar-layout":"default","site-content-layout":"","ast-site-content-layout":"default","site-content-style":"default","site-sidebar-style":"default","ast-global-header-display":"","ast-banner-title-visibility":"","ast-main-header-display":"","ast-hfb-above-header-display":"","ast-hfb-below-header-display":"","ast-hfb-mobile-header-display":"","site-post-title":"","ast-breadcrumbs-content":"","ast-featured-img":"","footer-sml-layout":"","ast-disable-related-posts":"","theme-transparent-header-meta":"default","adv-header-id-meta":"","stick-header-meta":"","header-above-stick-meta":"","header-main-stick-meta":"","header-below-stick-meta":"","astra-migrate-meta-layouts":"set","ast-page-background-enabled":"default","ast-page-background-meta":{"desktop":{"background-color":"var(--ast-global-color-5)","background-image":"","background-repeat":"repeat","background-position":"center center","background-size":"auto","background-attachment":"scroll","background-type":"","background-media":"","overlay-type":"","overlay-color":"","overlay-opacity":"","overlay-gradient":""},"tablet":{"background-color":"","background-image":"","background-repeat":"repeat","background-position":"center center","background-size":"auto","background-attachment":"scroll","background-type":"","background-media":"","overlay-type":"","overlay-color":"","overlay-opacity":"","overlay-gradient":""},"mobile":{"background-color":"","background-image":"","background-repeat":"repeat","background-position":"center center","background-size":"auto","background-attachment":"scroll","background-type":"","background-media":"","overlay-type":"","overlay-color":"","overlay-opacity":"","overlay-gradient":""}},"ast-content-background-meta":{"desktop":{"background-color":"var(--ast-global-color-4)","background-image":"","background-repeat":"repeat","background-position":"center center","background-size":"auto","background-attachment":"scroll","background-type":"","background-media":"","overlay-type":"","overlay-color":"","overlay-opacity":"","overlay-gradient":""},"tablet":{"background-color":"var(--ast-global-color-4)","background-image":"","background-repeat":"repeat","background-position":"center center","background-size":"auto","background-attachment":"scroll","background-type":"","background-media":"","overlay-type":"","overlay-color":"","overlay-opacity":"","overlay-gradient":""},"mobile":{"background-color":"var(--ast-global-color-4)","background-image":"","background-repeat":"repeat","background-position":"center center","background-size":"auto","background-attachment":"scroll","background-type":"","background-media":"","overlay-type":"","overlay-color":"","overlay-opacity":"","overlay-gradient":""}}},"product_brand":[],"product_cat":[29],"product_tag":[],"class_list":{"0":"post-450","1":"product","2":"type-product","3":"status-publish","4":"has-post-thumbnail","6":"product_cat-pilates-reformer","7":"desktop-align-left","8":"tablet-align-left","9":"mobile-align-left","11":"first","12":"instock","13":"shipping-taxable","14":"product-type-simple"},"_links":{"self":[{"href":"https:\/\/dzideaseed.com\/es\/wp-json\/wp\/v2\/product\/450","targetHints":{"allow":["GET"]}}],"collection":[{"href":"https:\/\/dzideaseed.com\/es\/wp-json\/wp\/v2\/product"}],"about":[{"href":"https:\/\/dzideaseed.com\/es\/wp-json\/wp\/v2\/types\/product"}],"replies":[{"embeddable":true,"href":"https:\/\/dzideaseed.com\/es\/wp-json\/wp\/v2\/comments?post=450"}],"wp:featuredmedia":[{"embeddable":true,"href":"https:\/\/dzideaseed.com\/es\/wp-json\/wp\/v2\/media\/452"}],"wp:attachment":[{"href":"https:\/\/dzideaseed.com\/es\/wp-json\/wp\/v2\/media?parent=450"}],"wp:term":[{"taxonomy":"product_brand","embeddable":true,"href":"https:\/\/dzideaseed.com\/es\/wp-json\/wp\/v2\/product_brand?post=450"},{"taxonomy":"product_cat","embeddable":true,"href":"https:\/\/dzideaseed.com\/es\/wp-json\/wp\/v2\/product_cat?post=450"},{"taxonomy":"product_tag","embeddable":true,"href":"https:\/\/dzideaseed.com\/es\/wp-json\/wp\/v2\/product_tag?post=450"}],"curies":[{"name":"wp","href":"https:\/\/api.w.org\/{rel}","templated":true}]}}