{"id":387,"date":"2025-01-10T10:31:41","date_gmt":"2025-01-10T02:31:41","guid":{"rendered":"http:\/\/dzideaseed.com\/?post_type=product&#038;p=387"},"modified":"2025-04-10T08:04:56","modified_gmt":"2025-04-10T00:04:56","slug":"metal-pilates-chair-nh-pm007s","status":"publish","type":"product","link":"https:\/\/dzideaseed.com\/es\/producto\/metal-pilates-chair-nh-pm007s\/","title":{"rendered":"Silla met\u00e1lica de Pilates NH-PM007S"},"content":{"rendered":"<table style=\"border-collapse: collapse;\" border=\"0\" cellspacing=\"0\" cellpadding=\"0\">\n<tbody>\n<tr style=\"height: 99.00pt;\">\n<td class=\"et4\" style=\"height: 99.00pt; width: 120.00pt;\" width=\"160\" height=\"132\"><strong>Presentaci\u00f3n del producto<\/strong><\/td>\n<td class=\"et5\" style=\"width: 363.25pt;\" width=\"484\">Esta silla de Pilates de metal (NH-PM007S) puede fortalecer la columna vertebral, el abdomen, la zona lumbar y la capacidad p\u00e9lvica. La silla de Pilates mejora la fuerza, la resistencia y el equilibrio desafiando el peso corporal, la coordinaci\u00f3n y la resistencia del muelle. Idea Seed Pilates equipo tiene el equipo adecuado para usted.<\/td>\n<\/tr>\n<tr style=\"height: 253.00pt;\">\n<td class=\"et4\" style=\"height: 253.00pt; width: 120.00pt;\" width=\"160\" height=\"337\"><strong>Par\u00e1metros del producto<\/strong><\/td>\n<td class=\"et5\" style=\"width: 363.25pt;\" width=\"484\">N\u00famero de modelo:NH-PM007S<br \/>\nNombre del producto:Silla de pilates<br \/>\nLugar de origen: China<br \/>\nMarca:Idea Seed<br \/>\nMaterial: Metal<br \/>\nTama\u00f1o: 800*730*1360mm<br \/>\nTama\u00f1o del paquete: 820*820*710 mm<br \/>\nEmbalaje:Embalaje de madera<br \/>\nPeso: 50 kg<br \/>\nPiel Color: Personalizable<br \/>\nMOQ:1<br \/>\nTiempo de garant\u00eda:Tres a\u00f1os<br \/>\nCertificado:CE,ISO<br \/>\nC\u00f3digo SA:9506911900<br \/>\nPersonalizaci\u00f3n:Asistencia<\/td>\n<\/tr>\n<tr style=\"height: 180.00pt;\">\n<td class=\"et4\" style=\"height: 180.00pt; width: 120.00pt;\" width=\"160\" height=\"240\"><strong>Ventajas y caracter\u00edsticas del producto<\/strong><\/td>\n<td class=\"et5\" style=\"width: 363.25pt;\" width=\"484\">\u25cfEl mango y las piezas de soporte del pedal est\u00e1n fabricados con material de acero inoxidable.<br \/>\nEl mango se puede ajustar a diferentes alturas, f\u00e1cil de agarrar.<br \/>\n\u25cfLa silla ha sido finamente pulida y tiene una superficie lisa.<br \/>\n\u25cfWih dos ruedas puede f\u00e1cil de mover.<br \/>\n\u25cfMuelles duraderos y firmes, y diferentes muelles el\u00e1sticos a\u00f1aden variedad al ejercicio.<br \/>\n\u25cfDos pedales divididos que se pueden mover alternativamente y se convierten en uno solo, que puede insertar una barra de madera de una sola pieza.<\/td>\n<\/tr>\n<tr style=\"height: 115.50pt;\">\n<td class=\"et6\" style=\"height: 115.50pt; width: 120.00pt;\" width=\"160\" height=\"154\"><strong>Incluye<\/strong><\/td>\n<td class=\"et5\" style=\"width: 363.25pt;\" width=\"484\">\u25cfArmaz\u00f3n met\u00e1lico de la silla.<br \/>\n\u25cfDos manillares.<br \/>\n\u25cfUna barra de madera (conecta los dos pedales divididos).<br \/>\nMuelles (dos verdes y dos rojos).<br \/>\n\u25cfDos pedales divididos.<br \/>\n\u25cfDos ruedas.<br \/>\n\u25cfSimple herramienta de montaje.<\/td>\n<\/tr>\n<tr style=\"height: 110.00pt;\">\n<td class=\"et4\" style=\"height: 110.00pt; width: 120.00pt;\" width=\"160\" height=\"146\"><strong>Servicio posventa<\/strong><\/td>\n<td class=\"et5\" style=\"width: 363.25pt;\" width=\"484\">1. La estructura de la m\u00e1quina tiene 10 a\u00f1os de garant\u00eda. Para otras piezas, tiempo de garant\u00eda de 3 a\u00f1os.<br \/>\n2. Despu\u00e9s de conseguir la m\u00e1quina, tiene v\u00eddeo de instalaci\u00f3n y las instrucciones de instalaci\u00f3n.<br \/>\n3. Mientras la tierra gire, nuestro servicio estar\u00e1 en l\u00ednea todo el tiempo.<\/td>\n<\/tr>\n<tr style=\"height: 273.00pt;\">\n<td class=\"et4\" style=\"height: 273.00pt; width: 120.00pt;\" width=\"160\" height=\"364\"><strong>PREGUNTAS FRECUENTES<\/strong><\/td>\n<td class=\"et5\" style=\"width: 363.25pt;\" width=\"484\">P1: \u00bfCu\u00e1l es la fecha de entrega?<br \/>\nA1: Se tarda unos 3-5 d\u00edas laborables despu\u00e9s del pago.<\/p>\n<p>P2: \u00bfCu\u00e1l es la cantidad m\u00ednima de pedido?<br \/>\nA2: Soporte de un juego.<\/p>\n<p>P3: \u00bfQu\u00e9 condiciones comerciales apoya?<br \/>\nA3: FOB, CIF y DDP, todos compatibles.<\/p>\n<p>P4: \u00bfQu\u00e9 m\u00e9todos de pago admiten?<br \/>\nA4: TT, LC, tarjeta de cr\u00e9dito y Paypal todo el apoyo.<\/p>\n<p>P5: \u00bfDisponen de instrucciones de instalaci\u00f3n?<br \/>\nR5: S\u00ed. Disponemos de instrucciones de instalaci\u00f3n, que pueden ayudarle a montar el equipo. Si sigue teniendo problemas con la instalaci\u00f3n, podemos grabar v\u00eddeos para usted.<\/td>\n<\/tr>\n<\/tbody>\n<\/table>","protected":false},"excerpt":{"rendered":"<p>Product Introduction This Metal Pilates chair (NH-PM007S) can strengthen the spine, abdomen, lower back and pelvic ability. The Pilates chair [&hellip;]<\/p>\n","protected":false},"featured_media":388,"comment_status":"open","ping_status":"closed","template":"","meta":{"site-sidebar-layout":"default","site-content-layout":"","ast-site-content-layout":"default","site-content-style":"default","site-sidebar-style":"default","ast-global-header-display":"","ast-banner-title-visibility":"","ast-main-header-display":"","ast-hfb-above-header-display":"","ast-hfb-below-header-display":"","ast-hfb-mobile-header-display":"","site-post-title":"","ast-breadcrumbs-content":"","ast-featured-img":"","footer-sml-layout":"","ast-disable-related-posts":"","theme-transparent-header-meta":"default","adv-header-id-meta":"","stick-header-meta":"","header-above-stick-meta":"","header-main-stick-meta":"","header-below-stick-meta":"","astra-migrate-meta-layouts":"set","ast-page-background-enabled":"default","ast-page-background-meta":{"desktop":{"background-color":"var(--ast-global-color-5)","background-image":"","background-repeat":"repeat","background-position":"center center","background-size":"auto","background-attachment":"scroll","background-type":"","background-media":"","overlay-type":"","overlay-color":"","overlay-opacity":"","overlay-gradient":""},"tablet":{"background-color":"","background-image":"","background-repeat":"repeat","background-position":"center center","background-size":"auto","background-attachment":"scroll","background-type":"","background-media":"","overlay-type":"","overlay-color":"","overlay-opacity":"","overlay-gradient":""},"mobile":{"background-color":"","background-image":"","background-repeat":"repeat","background-position":"center center","background-size":"auto","background-attachment":"scroll","background-type":"","background-media":"","overlay-type":"","overlay-color":"","overlay-opacity":"","overlay-gradient":""}},"ast-content-background-meta":{"desktop":{"background-color":"var(--ast-global-color-4)","background-image":"","background-repeat":"repeat","background-position":"center center","background-size":"auto","background-attachment":"scroll","background-type":"","background-media":"","overlay-type":"","overlay-color":"","overlay-opacity":"","overlay-gradient":""},"tablet":{"background-color":"var(--ast-global-color-4)","background-image":"","background-repeat":"repeat","background-position":"center center","background-size":"auto","background-attachment":"scroll","background-type":"","background-media":"","overlay-type":"","overlay-color":"","overlay-opacity":"","overlay-gradient":""},"mobile":{"background-color":"var(--ast-global-color-4)","background-image":"","background-repeat":"repeat","background-position":"center center","background-size":"auto","background-attachment":"scroll","background-type":"","background-media":"","overlay-type":"","overlay-color":"","overlay-opacity":"","overlay-gradient":""}}},"product_brand":[],"product_cat":[28],"product_tag":[],"class_list":{"0":"post-387","1":"product","2":"type-product","3":"status-publish","4":"has-post-thumbnail","6":"product_cat-pilates-chair","7":"desktop-align-left","8":"tablet-align-left","9":"mobile-align-left","11":"first","12":"instock","13":"shipping-taxable","14":"product-type-simple"},"_links":{"self":[{"href":"https:\/\/dzideaseed.com\/es\/wp-json\/wp\/v2\/product\/387","targetHints":{"allow":["GET"]}}],"collection":[{"href":"https:\/\/dzideaseed.com\/es\/wp-json\/wp\/v2\/product"}],"about":[{"href":"https:\/\/dzideaseed.com\/es\/wp-json\/wp\/v2\/types\/product"}],"replies":[{"embeddable":true,"href":"https:\/\/dzideaseed.com\/es\/wp-json\/wp\/v2\/comments?post=387"}],"wp:featuredmedia":[{"embeddable":true,"href":"https:\/\/dzideaseed.com\/es\/wp-json\/wp\/v2\/media\/388"}],"wp:attachment":[{"href":"https:\/\/dzideaseed.com\/es\/wp-json\/wp\/v2\/media?parent=387"}],"wp:term":[{"taxonomy":"product_brand","embeddable":true,"href":"https:\/\/dzideaseed.com\/es\/wp-json\/wp\/v2\/product_brand?post=387"},{"taxonomy":"product_cat","embeddable":true,"href":"https:\/\/dzideaseed.com\/es\/wp-json\/wp\/v2\/product_cat?post=387"},{"taxonomy":"product_tag","embeddable":true,"href":"https:\/\/dzideaseed.com\/es\/wp-json\/wp\/v2\/product_tag?post=387"}],"curies":[{"name":"wp","href":"https:\/\/api.w.org\/{rel}","templated":true}]}}